{"id":986,"date":"2024-04-27T09:43:16","date_gmt":"2024-04-27T09:43:16","guid":{"rendered":"https:\/\/een.is\/?page_id=986"},"modified":"2024-05-02T12:44:11","modified_gmt":"2024-05-02T12:44:11","slug":"vidburdir","status":"publish","type":"page","link":"https:\/\/een.is\/en\/thjonusta\/vidburdir\/","title":{"rendered":"Vi\u00f0bur\u00f0ir"},"content":{"rendered":"<div data-elementor-type=\"wp-page\" data-elementor-id=\"986\" class=\"elementor elementor-986\" data-elementor-post-type=\"page\">\n\t\t\t\t<div class=\"elementor-element elementor-element-8409a46 e-flex e-con-boxed e-con e-parent\" data-id=\"8409a46\" data-element_type=\"container\" data-e-type=\"container\" data-settings=\"{&quot;background_background&quot;:&quot;classic&quot;}\">\n\t\t\t\t\t<div class=\"e-con-inner\">\n\t\t<div class=\"elementor-element elementor-element-dedc5bb e-flex e-con-boxed e-con e-child\" data-id=\"dedc5bb\" data-element_type=\"container\" data-e-type=\"container\">\n\t\t\t\t\t<div class=\"e-con-inner\">\n\t\t\t\t<div class=\"elementor-element elementor-element-8221d31 elementor-widget elementor-widget-heading\" data-id=\"8221d31\" data-element_type=\"widget\" data-e-type=\"widget\" data-widget_type=\"heading.default\">\n\t\t\t\t<div class=\"elementor-widget-container\">\n\t\t\t\t\t<h1 class=\"elementor-heading-title elementor-size-default\">Vi\u00f0bur\u00f0ir<\/h1>\t\t\t\t<\/div>\n\t\t\t\t<\/div>\n\t\t\t\t<div class=\"elementor-element elementor-element-5ada0c8 elementor-widget elementor-widget-text-editor\" data-id=\"5ada0c8\" data-element_type=\"widget\" data-e-type=\"widget\" data-widget_type=\"text-editor.default\">\n\t\t\t\t<div class=\"elementor-widget-container\">\n\t\t\t\t\t\t\t\t\t<p>Enterprise Europe Network skipuleggur margs konar\u00a0vi\u00f0bur\u00f0i\u00a0\u00fear sem \u00fe\u00fa getur hitt m\u00f6gulega samstarfsa\u00f0ila og auki\u00f0 tengslanet \u00feitt \u00ed Evr\u00f3pu og v\u00ed\u00f0ar<\/p>\t\t\t\t\t\t\t\t<\/div>\n\t\t\t\t<\/div>\n\t\t\t\t\t<\/div>\n\t\t\t\t<\/div>\n\t\t\t\t\t<\/div>\n\t\t\t\t<\/div>\n\t\t<div class=\"elementor-element elementor-element-659bae5 e-flex e-con-boxed e-con e-parent\" data-id=\"659bae5\" data-element_type=\"container\" data-e-type=\"container\">\n\t\t\t\t\t<div class=\"e-con-inner\">\n\t\t\t\t<div class=\"elementor-element elementor-element-d333e44 elementor-widget elementor-widget-text-editor\" data-id=\"d333e44\" data-element_type=\"widget\" data-e-type=\"widget\" data-widget_type=\"text-editor.default\">\n\t\t\t\t<div class=\"elementor-widget-container\">\n\t\t\t\t\t\t\t\t\t<p><span class=\"s1\">Me\u00f0 \u00fe\u00e1ttt\u00f6ku \u00ed\u00a0vi\u00f0bur\u00f0um\u00a0getur \u00fe\u00fa \u00f6\u00f0last n\u00fdja \u00feekkingu, kynnst n\u00fdjum m\u00f6rku\u00f0um og auki\u00f0 al\u00fej\u00f3\u00f0leg t\u00e6kif\u00e6ri me\u00f0 r\u00e9ttu samstarfsa\u00f0ilunum.<\/span><\/p><p><span class=\"s1\">Vi\u00f0bur\u00f0irnir fara b\u00e6\u00f0i fram \u00e1 \u00cdslandi og v\u00ed\u00f0svegar um heiminn. \u00deeir geta veri\u00f0 fyrirt\u00e6kjastefnum\u00f3t, r\u00e1\u00f0stefnur, vinnustofur og n\u00e1mskei\u00f0. Yfirlit fyrirt\u00e6kjasendinefnda er einnig a\u00f0 finna \u00ed vi\u00f0bur\u00f0adagatalinu.<\/span><\/p><p><span class=\"s1\">\u00c1 s\u00ed\u00f0ustu \u00feremur \u00e1rum hefur Enterprise Europe Network haldi\u00f0 fleiri en<strong>\u00a019 000 vi\u00f0bur\u00f0i<\/strong>\u00a0fyrir l\u00edtil og me\u00f0alst\u00f3r fyrirt\u00e6ki, me\u00f0 meira en<strong>\u00a0742 000 \u00fe\u00e1tttakendum<\/strong>. Sko\u00f0a\u00f0u\u00a0vi\u00f0bur\u00f0adagatali\u00f0 okkar reglulega til a\u00f0 sj\u00e1 hva\u00f0a \u00e1hugaver\u00f0ir\u00a0vi\u00f0bur\u00f0ir\u00a0eru \u00e1 framundan.<\/span><\/p>\t\t\t\t\t\t\t\t<\/div>\n\t\t\t\t<\/div>\n\t\t\t\t<div class=\"elementor-element elementor-element-df46928 elementor-widget elementor-widget-html\" data-id=\"df46928\" data-element_type=\"widget\" data-e-type=\"widget\" data-widget_type=\"html.default\">\n\t\t\t\t<div class=\"elementor-widget-container\">\n\t\t\t\t\t<iframe src=\"https:\/\/een.ec.europa.eu\/b2b\/widget?queryId=cf704442-618c-4fa4-ae6a-018ef09f4fc9\" style=\"height: 1200px; width: 800px; \" title=\"Enterprise Europe Network widget\"><\/iframe>\n\n<\/p>\t\t\t\t<\/div>\n\t\t\t\t<\/div>\n\t\t\t\t\t<\/div>\n\t\t\t\t<\/div>\n\t\t<div class=\"elementor-element elementor-element-89a55cb e-flex e-con-boxed e-con e-parent\" data-id=\"89a55cb\" data-element_type=\"container\" data-e-type=\"container\">\n\t\t\t\t\t<div class=\"e-con-inner\">\n\t\t\t\t<div class=\"elementor-element elementor-element-b72492e elementor-arrows-position-outside elementor-pagination-position-outside elementor-widget elementor-widget-image-carousel\" data-id=\"b72492e\" data-element_type=\"widget\" data-e-type=\"widget\" data-settings=\"{&quot;slides_to_show&quot;:&quot;5&quot;,&quot;image_spacing_custom&quot;:{&quot;unit&quot;:&quot;px&quot;,&quot;size&quot;:24,&quot;sizes&quot;:[]},&quot;navigation&quot;:&quot;both&quot;,&quot;autoplay&quot;:&quot;yes&quot;,&quot;pause_on_hover&quot;:&quot;yes&quot;,&quot;pause_on_interaction&quot;:&quot;yes&quot;,&quot;autoplay_speed&quot;:5000,&quot;infinite&quot;:&quot;yes&quot;,&quot;speed&quot;:500,&quot;image_spacing_custom_laptop&quot;:{&quot;unit&quot;:&quot;px&quot;,&quot;size&quot;:&quot;&quot;,&quot;sizes&quot;:[]},&quot;image_spacing_custom_tablet&quot;:{&quot;unit&quot;:&quot;px&quot;,&quot;size&quot;:&quot;&quot;,&quot;sizes&quot;:[]},&quot;image_spacing_custom_mobile&quot;:{&quot;unit&quot;:&quot;px&quot;,&quot;size&quot;:&quot;&quot;,&quot;sizes&quot;:[]}}\" data-widget_type=\"image-carousel.default\">\n\t\t\t\t<div class=\"elementor-widget-container\">\n\t\t\t\t\t\t\t<div class=\"elementor-image-carousel-wrapper swiper\" role=\"region\" aria-roledescription=\"carousel\" aria-label=\"Image Carousel\" dir=\"ltr\">\n\t\t\t<div class=\"elementor-image-carousel swiper-wrapper\" aria-live=\"off\">\n\t\t\t\t\t\t\t\t<div class=\"swiper-slide\" role=\"group\" aria-roledescription=\"slide\" aria-label=\"1 of 6\" data-no-translation-aria-label=\"\"><figure class=\"swiper-slide-inner\"><img decoding=\"async\" class=\"swiper-slide-image\" src=\"https:\/\/een.is\/wp-content\/uploads\/2023\/10\/international-IP-Helpdesk--300x300.png\" alt=\"international IP Helpdesk\" \/><\/figure><\/div><div class=\"swiper-slide\" role=\"group\" aria-roledescription=\"slide\" aria-label=\"2 of 6\" data-no-translation-aria-label=\"\"><figure class=\"swiper-slide-inner\"><img decoding=\"async\" class=\"swiper-slide-image\" src=\"https:\/\/een.is\/wp-content\/uploads\/2023\/10\/NazovniLogo-300x300.png\" alt=\"NazovniLogo\" \/><\/figure><\/div><div class=\"swiper-slide\" role=\"group\" aria-roledescription=\"slide\" aria-label=\"3 of 6\" data-no-translation-aria-label=\"\"><figure class=\"swiper-slide-inner\"><img decoding=\"async\" class=\"swiper-slide-image\" src=\"https:\/\/een.is\/wp-content\/uploads\/2023\/10\/WegateLogo-300x300.png\" alt=\"WegateLogo\" \/><\/figure><\/div><div class=\"swiper-slide\" role=\"group\" aria-roledescription=\"slide\" aria-label=\"4 of 6\" data-no-translation-aria-label=\"\"><figure class=\"swiper-slide-inner\"><img decoding=\"async\" class=\"swiper-slide-image\" src=\"https:\/\/een.is\/wp-content\/uploads\/2023\/10\/EYE_0-300x300.jpg\" alt=\"EYE_0\" \/><\/figure><\/div><div class=\"swiper-slide\" role=\"group\" aria-roledescription=\"slide\" aria-label=\"5 of 6\" data-no-translation-aria-label=\"\"><figure class=\"swiper-slide-inner\"><img decoding=\"async\" class=\"swiper-slide-image\" src=\"https:\/\/een.is\/wp-content\/uploads\/2023\/10\/EEN2EICLogo-300x300.png\" alt=\"EEN2EICLogo\" \/><\/figure><\/div><div class=\"swiper-slide\" role=\"group\" aria-roledescription=\"slide\" aria-label=\"6 of 6\" data-no-translation-aria-label=\"\"><figure class=\"swiper-slide-inner\"><img decoding=\"async\" class=\"swiper-slide-image\" src=\"https:\/\/een.is\/wp-content\/uploads\/2023\/10\/EUSolvit-300x300.png\" alt=\"EUSolvit\" \/><\/figure><\/div>\t\t\t<\/div>\n\t\t\t\t\t\t\t\t\t\t\t\t<div class=\"elementor-swiper-button elementor-swiper-button-prev\" role=\"button\" tabindex=\"0\">\n\t\t\t\t\t\t<span aria-hidden=\"true\" class=\"eicon-chevron-left\"><\/span>\t\t\t\t\t<\/div>\n\t\t\t\t\t<div class=\"elementor-swiper-button elementor-swiper-button-next\" role=\"button\" tabindex=\"0\">\n\t\t\t\t\t\t<span aria-hidden=\"true\" class=\"eicon-chevron-right\"><\/span>\t\t\t\t\t<\/div>\n\t\t\t\t\n\t\t\t\t\t\t\t\t\t<div class=\"swiper-pagination\"><\/div>\n\t\t\t\t\t\t\t\t\t<\/div>\n\t\t\t\t\t\t<\/div>\n\t\t\t\t<\/div>\n\t\t\t\t\t<\/div>\n\t\t\t\t<\/div>\n\t\t\t\t<\/div>","protected":false},"excerpt":{"rendered":"<p>Vi\u00f0bur\u00f0ir Enterprise Europe Network skipuleggur margs konar\u00a0vi\u00f0bur\u00f0i\u00a0\u00fear sem \u00fe\u00fa getur hitt m\u00f6gulega samstarfsa\u00f0ila og auki\u00f0 tengslanet \u00feitt \u00ed Evr\u00f3pu og v\u00ed\u00f0ar Me\u00f0 \u00fe\u00e1ttt\u00f6ku \u00ed\u00a0vi\u00f0bur\u00f0um\u00a0getur \u00fe\u00fa \u00f6\u00f0last n\u00fdja \u00feekkingu, kynnst n\u00fdjum [&hellip;]<\/p>\n","protected":false},"author":3,"featured_media":155,"parent":463,"menu_order":0,"comment_status":"closed","ping_status":"closed","template":"","meta":{"_acf_changed":false,"footnotes":""},"class_list":["post-986","page","type-page","status-publish","has-post-thumbnail","hentry"],"acf":[],"_links":{"self":[{"href":"https:\/\/een.is\/en\/wp-json\/wp\/v2\/pages\/986","targetHints":{"allow":["GET"]}}],"collection":[{"href":"https:\/\/een.is\/en\/wp-json\/wp\/v2\/pages"}],"about":[{"href":"https:\/\/een.is\/en\/wp-json\/wp\/v2\/types\/page"}],"author":[{"embeddable":true,"href":"https:\/\/een.is\/en\/wp-json\/wp\/v2\/users\/3"}],"replies":[{"embeddable":true,"href":"https:\/\/een.is\/en\/wp-json\/wp\/v2\/comments?post=986"}],"version-history":[{"count":0,"href":"https:\/\/een.is\/en\/wp-json\/wp\/v2\/pages\/986\/revisions"}],"up":[{"embeddable":true,"href":"https:\/\/een.is\/en\/wp-json\/wp\/v2\/pages\/463"}],"wp:featuredmedia":[{"embeddable":true,"href":"https:\/\/een.is\/en\/wp-json\/wp\/v2\/media\/155"}],"wp:attachment":[{"href":"https:\/\/een.is\/en\/wp-json\/wp\/v2\/media?parent=986"}],"curies":[{"name":"wp","href":"https:\/\/api.w.org\/{rel}","templated":true}]}}