{"id":976,"date":"2024-04-27T09:40:31","date_gmt":"2024-04-27T09:40:31","guid":{"rendered":"https:\/\/een.is\/?page_id=976"},"modified":"2025-09-23T15:39:37","modified_gmt":"2025-09-23T15:39:37","slug":"fyrirtaekjastefnumot","status":"publish","type":"page","link":"https:\/\/een.is\/en\/thjonusta\/fyrirtaekjastefnumot\/","title":{"rendered":"Fyrirt\u00e6kjastefnum\u00f3t"},"content":{"rendered":"<div data-elementor-type=\"wp-page\" data-elementor-id=\"976\" class=\"elementor elementor-976\" data-elementor-post-type=\"page\">\n\t\t\t\t<div class=\"elementor-element elementor-element-8409a46 e-flex e-con-boxed e-con e-parent\" data-id=\"8409a46\" data-element_type=\"container\" data-e-type=\"container\" data-settings=\"{&quot;background_background&quot;:&quot;classic&quot;}\">\n\t\t\t\t\t<div class=\"e-con-inner\">\n\t\t<div class=\"elementor-element elementor-element-dedc5bb e-flex e-con-boxed e-con e-child\" data-id=\"dedc5bb\" data-element_type=\"container\" data-e-type=\"container\">\n\t\t\t\t\t<div class=\"e-con-inner\">\n\t\t\t\t<div class=\"elementor-element elementor-element-8221d31 elementor-widget elementor-widget-heading\" data-id=\"8221d31\" data-element_type=\"widget\" data-e-type=\"widget\" data-widget_type=\"heading.default\">\n\t\t\t\t<div class=\"elementor-widget-container\">\n\t\t\t\t\t<h1 class=\"elementor-heading-title elementor-size-default\">Fyrirt\u00e6kjastefnum\u00f3t, tengslamyndun og t\u00e6kif\u00e6ri<\/h1>\t\t\t\t<\/div>\n\t\t\t\t<\/div>\n\t\t\t\t<div class=\"elementor-element elementor-element-5ada0c8 elementor-widget elementor-widget-text-editor\" data-id=\"5ada0c8\" data-element_type=\"widget\" data-e-type=\"widget\" data-widget_type=\"text-editor.default\">\n\t\t\t\t<div class=\"elementor-widget-container\">\n\t\t\t\t\t\t\t\t\t<p>\u00e1 al\u00fej\u00f3\u00f0legum r\u00e1\u00f0stefnum og v\u00f6rus\u00fdningum \u00ed Evr\u00f3pu<\/p>\t\t\t\t\t\t\t\t<\/div>\n\t\t\t\t<\/div>\n\t\t\t\t\t<\/div>\n\t\t\t\t<\/div>\n\t\t\t\t\t<\/div>\n\t\t\t\t<\/div>\n\t\t<div class=\"elementor-element elementor-element-659bae5 e-flex e-con-boxed e-con e-parent\" data-id=\"659bae5\" data-element_type=\"container\" data-e-type=\"container\">\n\t\t\t\t\t<div class=\"e-con-inner\">\n\t\t\t\t<div class=\"elementor-element elementor-element-d333e44 elementor-widget elementor-widget-text-editor\" data-id=\"d333e44\" data-element_type=\"widget\" data-e-type=\"widget\" data-widget_type=\"text-editor.default\">\n\t\t\t\t<div class=\"elementor-widget-container\">\n\t\t\t\t\t\t\t\t\t<p>Fyrirt\u00e6kjastefnum\u00f3t (e. B2B matchmaking) eru \u00e1hrifar\u00edk lei\u00f0 til a\u00f0 hitta m\u00f6gulega samstarfsa\u00f0ila, fj\u00e1rfesta e\u00f0a vi\u00f0skiptavini. Fyrirt\u00e6kjastefnum\u00f3t er skipulag\u00f0ir fundir sem haldnir eru \u00ed tengslum vi\u00f0 r\u00e1\u00f0stefnur e\u00f0a vi\u00f0bur\u00f0i.<\/p><p>\u00c1 st\u00f3rum r\u00e1\u00f0stefnum og vi\u00f0bur\u00f0um er t\u00edminn oft takmarka\u00f0ur. Enterprise Europe Network (EEN) einfaldar ferli\u00f0 me\u00f0 \u00fev\u00ed a\u00f0 mi\u00f0la tengingum \u00e1 milli einstaklinga alls sta\u00f0ar a\u00f0 \u00far heiminum.<\/p><p>EEN netverki\u00f0 starfar \u00ed yfir 40 l\u00f6ndum og er \u00fev\u00ed au\u00f0velt a\u00f0 safna skr\u00e1ningum \u00e1hugaver\u00f0ra fyrirt\u00e6kja.<\/p><p><strong>Hvernig virka fyrirt\u00e6kjastefnum\u00f3t?<\/strong><\/p><ul><li>\u00de\u00e1tttakendur skr\u00e1 sig og fylla \u00fat uppl\u00fdsingar um fyrirt\u00e6ki sitt, \u00e1hugasvi\u00f0 og \u00fea\u00f0 sem \u00feeir leita a\u00f0.<\/li><li>Kerfi\u00f0 gerir \u00fe\u00e9r kleift a\u00f0 sko\u00f0a a\u00f0ra \u00fe\u00e1tttakendur og b\u00f3ka fundi me\u00f0 \u00e1hugaver\u00f0um a\u00f0ilum.<\/li><li>Fundirnir eru stuttir, yfirleitt 15\u201320 m\u00edn\u00fatur og fara fram \u00e1 sta\u00f0num e\u00f0a \u00ed gegnum fjarfundab\u00fana\u00f0.<\/li><\/ul><p>\u00deessi \u00f6rfundir spara t\u00edma og auka l\u00edkur \u00e1 a\u00f0 finna r\u00e9tta <strong>samstarfsa\u00f0ila e\u00f0a n\u00fd vi\u00f0skiptat\u00e6kif\u00e6ri<\/strong> \u00e1 evr\u00f3pskum m\u00f6rku\u00f0um.<\/p><p><strong>Af hverju a\u00f0 taka \u00fe\u00e1tt?<\/strong><\/p><ul><li>A\u00f0gangur a\u00f0 al\u00fej\u00f3\u00f0legum m\u00f6rku\u00f0um og n\u00fdjum tengingum.<\/li><li>Markviss og t\u00edmasparandi fundarform.<\/li><li>Hentar vel fyrir l\u00edtil og me\u00f0alst\u00f3r fyrirt\u00e6ki, ranns\u00f3knara\u00f0ila, frumkv\u00f6\u00f0la og h\u00e1sk\u00f3la.<\/li><li>\u00d3keypis r\u00e1\u00f0gj\u00f6f fr\u00e1 EEN vi\u00f0 undirb\u00faning.<\/li><\/ul><p>Fyrirt\u00e6kjastefnum\u00f3t er hluti af \u00feeirri \u00fej\u00f3nustu sem Enterprise Europe Network \u00e1 \u00cdslandi veitir og er \u00fe\u00e1tttaka \u00f3keypis, en oftast \u00fearf a\u00f0 grei\u00f0a \u00e1 r\u00e1\u00f0stefnuna sj\u00e1lfa e\u00f0a v\u00f6rus\u00fdninguna.<\/p><p><strong>N\u00e6stu fyrirt\u00e6kjastefnum\u00f3t<\/strong><\/p><p>Gagnabanki EEN, me\u00f0 yfirliti um<a href=\"https:\/\/een.is\/en\/vidburdir\/\"> komandi vi\u00f0bur\u00f0i<\/a>, er uppf\u00e6r\u00f0ur reglulega. Fylgstu me\u00f0 e\u00f0a haf\u00f0u <a href=\"https:\/\/een.is\/en\/hafa-samband\/\">samband vi\u00f0 okkur<\/a> til a\u00f0 f\u00e1 n\u00e1nari uppl\u00fdsingar.<\/p>\t\t\t\t\t\t\t\t<\/div>\n\t\t\t\t<\/div>\n\t\t\t\t<div class=\"elementor-element elementor-element-49e842c elementor-widget elementor-widget-video\" data-id=\"49e842c\" data-element_type=\"widget\" data-e-type=\"widget\" data-settings=\"{&quot;youtube_url&quot;:&quot;https:\\\/\\\/www.youtube.com\\\/watch?v=KQ1ijQFJtQU&quot;,&quot;video_type&quot;:&quot;youtube&quot;,&quot;controls&quot;:&quot;yes&quot;}\" data-widget_type=\"video.default\">\n\t\t\t\t<div class=\"elementor-widget-container\">\n\t\t\t\t\t\t\t<div class=\"elementor-wrapper elementor-open-inline\">\n\t\t\t<div class=\"elementor-video\"><\/div>\t\t<\/div>\n\t\t\t\t\t\t<\/div>\n\t\t\t\t<\/div>\n\t\t\t\t\t<\/div>\n\t\t\t\t<\/div>\n\t\t<div class=\"elementor-element elementor-element-89a55cb e-flex e-con-boxed e-con e-parent\" data-id=\"89a55cb\" data-element_type=\"container\" data-e-type=\"container\">\n\t\t\t\t\t<div class=\"e-con-inner\">\n\t\t\t\t<div class=\"elementor-element elementor-element-df26114 elementor-widget elementor-widget-text-editor\" data-id=\"df26114\" data-element_type=\"widget\" data-e-type=\"widget\" data-widget_type=\"text-editor.default\">\n\t\t\t\t<div class=\"elementor-widget-container\">\n\t\t\t\t\t\t\t\t\t<p><strong>Lei\u00f0beiningar vi\u00f0 skr\u00e1ningu \u00e1 fyrirt\u00e6kjastefnum\u00f3t<\/strong><\/p><p><strong>1.\u00a0 Skr\u00e1 sig inn (Profil), v\u00f6ru (Product) og\/e\u00f0a verkefni\/\u00e1skorun (Request)<\/strong><\/p><ul><li>Skr\u00e1\u00f0u uppl\u00fdsingarnar um \u00feig og \u00feitt fyrirt\u00e6ki\/sveitarf\u00e9lag\/stofnun eins vel og \u00fe\u00fa getur.<\/li><li>Settu allt fram \u00e1 einfaldan og hnitmi\u00f0a\u00f0an h\u00e1tt.<\/li><li>\u00deinn pr\u00f3f\u00edll \u00e6tti a\u00f0 l\u00fdsa hver \u00fe\u00fa ert (\u00feitt fyrirt\u00e6ki\/sveitarf\u00e9lag\/stofnun), hva\u00f0 \u00fe\u00fa hefur upp\u00e1 a\u00f0 bj\u00f3\u00f0a\/leitar eftir og hverja \u00fe\u00fa vilt hitta.<\/li><li>G\u00f3\u00f0ur pr\u00f3f\u00edll skiptir sk\u00f6pum h\u00e9r.<\/li><li>\u00deegar \u00fe\u00fa hefur stofna\u00f0 a\u00f0gang f\u00e6r\u00f0u upp s\u00ed\u00f0una \u00fe\u00edna. ATH a\u00f0 ne\u00f0st \u00e1 mi\u00f0ri s\u00ed\u00f0unni \u00feinni \u00fearftu a\u00f0 skr\u00e1 undir Marketplace Opportunities &#8211; \u00fe\u00fa skr\u00e1ir \u00ed:<ul><li><strong>Product\u00a0<\/strong>ef \u00fe\u00fa ert me\u00f0 v\u00f6ru, \u00feekkingu e\u00f0a \u00fej\u00f3nustu \u00ed bo\u00f0i e\u00f0a til \u00fer\u00f3unar.<\/li><li><strong>Request<\/strong>\u00a0ef \u00fe\u00fa leitar a\u00f0 lausn hvort sem er \u00e1kve\u00f0inni v\u00f6ru\/\u00fej\u00f3nustu\/r\u00e1\u00f0gj\u00f6f e\u00f0a ef \u00fe\u00fa ert me\u00f0 \u00e1skorun sem \u00fe\u00fa athugaa hvort einhver annar hafi hugsanlega lausn \u00e1, e\u00f0a getur \u00fer\u00f3a\u00f0 \u00ed samvinnu vi\u00f0 \u00feig.<\/li><\/ul><\/li><li>G\u00f3\u00f0 skr\u00e1ning \u00ed\u00a0<strong>Marketplace\u00a0<\/strong>er grunnur fyrir \u00fev\u00ed a\u00f0 f\u00e1 fundarbei\u00f0nir og a\u00f0 a\u00f0rir sam\u00feykki fundarbo\u00f0 fr\u00e1 ykkur.<\/li><\/ul><p>\u00a0<\/p><p><strong>2.\u00a0 Sko\u00f0a \u00fe\u00e1tttakendur (Participants) og verkefni (Marketplace)<\/strong><\/p><ul><li>Sko\u00f0a\u00f0u \u00e1hugaver\u00f0 t\u00e6kif\u00e6ri, fyrirt\u00e6ki\/sveitarf\u00e9l\u00f6g\/stofnanir og v\u00f6rur\/lausnir\/\u00fej\u00f3nustu.<\/li><\/ul><p>\u00a0<\/p><p><strong>3.\u00a0 Senda og svara fundarbei\u00f0num<\/strong><\/p><ul><li>Sko\u00f0a\u00f0u reglulega \u00fe\u00e1tttakendur (og n\u00fdja) og verkefni \u00feeirra, og sendu \u00feeim fundarbei\u00f0ni sem \u00fe\u00fa vilt funda me\u00f0. Gott er a\u00f0 skr\u00e1 hvers vegna \u00fe\u00fa vilt hitta vi\u00f0komandi en \u00fea\u00f0 eykur l\u00edkur \u00e1 a\u00f0 fundurinn ver\u00f0i sam\u00feykktur<\/li><li>Sam\u00feykktar fundarbei\u00f0nir koma sj\u00e1lfkrafa inn \u00e1 t\u00edma\u00e1\u00e6tlun \u00fe\u00edna.<\/li><li><strong>Gott r\u00e1\u00f0: S\u00e6ki\u00f0 &#8222;b2match&#8220; snjallforriti\u00f0 fyrir fars\u00edma til a\u00f0 halda utan um fundina \u00fe\u00edna \u00ed s\u00edmanum!<\/strong><ul><li>Yfirlit yfir fundina \u00fe\u00edna og fundarbei\u00f0nir finnur\u00f0u undir &#8222;Meetings&#8220; (efst \u00e1 gr\u00e1u stikunni)<\/li><li>Fundarbei\u00f0num ver\u00f0ur a\u00f0 svara, a\u00f0 \u00f6\u00f0ru leyti ver\u00f0ur ekkert af fundum.<\/li><\/ul><\/li><li><strong>Reglur var\u00f0andi b\u00f3kanir<\/strong><ul><li>Allir skr\u00e1\u00f0ir a\u00f0ilar geta \u00f3ska\u00f0 eftir fundum me\u00f0 \u00f6llum \u00f6\u00f0rum skr\u00e1\u00f0um a\u00f0ilum.<\/li><li>Sam\u00feykkja \u00fearf fundi til a\u00f0 \u00feeir komi inn \u00ed dagskr\u00e1 \u00fe\u00edna yfir fundi.<\/li><\/ul><\/li><\/ul><p>\u00a0<\/p><p><strong>4.\u00a0 Fyrirt\u00e6kjastefnum\u00f3ti\u00f0 og \u00e1minning<\/strong><\/p><ul><li>Daginn fyrir fyrirt\u00e6kjastefnum\u00f3ti\u00f0 f\u00e6r\u00f0u t\u00f6lvup\u00f3st me\u00f0 yfirliti yfir fundina \u00fe\u00edna.<\/li><li>\u00de\u00fa s\u00e6kir s\u00ed\u00f0an dagskr\u00e1na \u00fe\u00edna \u00ed\u00a0<strong>&#8222;b2match&#8220; snjallforritinu sem heldur utan um fundina \u00fe\u00edna \u00ed s\u00edmanum!<\/strong><\/li><\/ul><p>\u00a0<\/p><p><strong>Gangi \u00fe\u00e9r vel<\/strong><\/p>\t\t\t\t\t\t\t\t<\/div>\n\t\t\t\t<\/div>\n\t\t\t\t<div class=\"elementor-element elementor-element-b72492e elementor-arrows-position-outside elementor-pagination-position-outside elementor-widget elementor-widget-image-carousel\" data-id=\"b72492e\" data-element_type=\"widget\" data-e-type=\"widget\" data-settings=\"{&quot;slides_to_show&quot;:&quot;5&quot;,&quot;image_spacing_custom&quot;:{&quot;unit&quot;:&quot;px&quot;,&quot;size&quot;:24,&quot;sizes&quot;:[]},&quot;navigation&quot;:&quot;both&quot;,&quot;autoplay&quot;:&quot;yes&quot;,&quot;pause_on_hover&quot;:&quot;yes&quot;,&quot;pause_on_interaction&quot;:&quot;yes&quot;,&quot;autoplay_speed&quot;:5000,&quot;infinite&quot;:&quot;yes&quot;,&quot;speed&quot;:500,&quot;image_spacing_custom_laptop&quot;:{&quot;unit&quot;:&quot;px&quot;,&quot;size&quot;:&quot;&quot;,&quot;sizes&quot;:[]},&quot;image_spacing_custom_tablet&quot;:{&quot;unit&quot;:&quot;px&quot;,&quot;size&quot;:&quot;&quot;,&quot;sizes&quot;:[]},&quot;image_spacing_custom_mobile&quot;:{&quot;unit&quot;:&quot;px&quot;,&quot;size&quot;:&quot;&quot;,&quot;sizes&quot;:[]}}\" data-widget_type=\"image-carousel.default\">\n\t\t\t\t<div class=\"elementor-widget-container\">\n\t\t\t\t\t\t\t<div class=\"elementor-image-carousel-wrapper swiper\" role=\"region\" aria-roledescription=\"carousel\" aria-label=\"Image Carousel\" dir=\"ltr\">\n\t\t\t<div class=\"elementor-image-carousel swiper-wrapper\" aria-live=\"off\">\n\t\t\t\t\t\t\t\t<div class=\"swiper-slide\" role=\"group\" aria-roledescription=\"slide\" aria-label=\"1 of 6\"><figure class=\"swiper-slide-inner\"><img decoding=\"async\" class=\"swiper-slide-image\" src=\"https:\/\/een.is\/wp-content\/uploads\/2023\/10\/international-IP-Helpdesk--300x300.png\" alt=\"international IP Helpdesk\" \/><\/figure><\/div><div class=\"swiper-slide\" role=\"group\" aria-roledescription=\"slide\" aria-label=\"2 of 6\"><figure class=\"swiper-slide-inner\"><img decoding=\"async\" class=\"swiper-slide-image\" src=\"https:\/\/een.is\/wp-content\/uploads\/2023\/10\/NazovniLogo-300x300.png\" alt=\"NazovniLogo\" \/><\/figure><\/div><div class=\"swiper-slide\" role=\"group\" aria-roledescription=\"slide\" aria-label=\"3 of 6\"><figure class=\"swiper-slide-inner\"><img decoding=\"async\" class=\"swiper-slide-image\" src=\"https:\/\/een.is\/wp-content\/uploads\/2023\/10\/WegateLogo-300x300.png\" alt=\"WegateLogo\" \/><\/figure><\/div><div class=\"swiper-slide\" role=\"group\" aria-roledescription=\"slide\" aria-label=\"4 of 6\"><figure class=\"swiper-slide-inner\"><img decoding=\"async\" class=\"swiper-slide-image\" src=\"https:\/\/een.is\/wp-content\/uploads\/2023\/10\/EYE_0-300x300.jpg\" alt=\"EYE_0\" \/><\/figure><\/div><div class=\"swiper-slide\" role=\"group\" aria-roledescription=\"slide\" aria-label=\"5 of 6\"><figure class=\"swiper-slide-inner\"><img decoding=\"async\" class=\"swiper-slide-image\" src=\"https:\/\/een.is\/wp-content\/uploads\/2023\/10\/EEN2EICLogo-300x300.png\" alt=\"EEN2EICLogo\" \/><\/figure><\/div><div class=\"swiper-slide\" role=\"group\" aria-roledescription=\"slide\" aria-label=\"6 of 6\"><figure class=\"swiper-slide-inner\"><img decoding=\"async\" class=\"swiper-slide-image\" src=\"https:\/\/een.is\/wp-content\/uploads\/2023\/10\/EUSolvit-300x300.png\" alt=\"EUSolvit\" \/><\/figure><\/div>\t\t\t<\/div>\n\t\t\t\t\t\t\t\t\t\t\t\t<div class=\"elementor-swiper-button elementor-swiper-button-prev\" role=\"button\" tabindex=\"0\">\n\t\t\t\t\t\t<span aria-hidden=\"true\" class=\"eicon-chevron-left\"><\/span>\t\t\t\t\t<\/div>\n\t\t\t\t\t<div class=\"elementor-swiper-button elementor-swiper-button-next\" role=\"button\" tabindex=\"0\">\n\t\t\t\t\t\t<span aria-hidden=\"true\" class=\"eicon-chevron-right\"><\/span>\t\t\t\t\t<\/div>\n\t\t\t\t\n\t\t\t\t\t\t\t\t\t<div class=\"swiper-pagination\"><\/div>\n\t\t\t\t\t\t\t\t\t<\/div>\n\t\t\t\t\t\t<\/div>\n\t\t\t\t<\/div>\n\t\t\t\t\t<\/div>\n\t\t\t\t<\/div>\n\t\t<div class=\"elementor-element elementor-element-26f308c e-flex e-con-boxed e-con e-parent\" data-id=\"26f308c\" data-element_type=\"container\" data-e-type=\"container\">\n\t\t\t\t\t<div class=\"e-con-inner\">\n\t\t\t\t\t<\/div>\n\t\t\t\t<\/div>\n\t\t\t\t<\/div>","protected":false},"excerpt":{"rendered":"<p>Fyrirt\u00e6kjastefnum\u00f3t, tengslamyndun og t\u00e6kif\u00e6ri \u00e1 al\u00fej\u00f3\u00f0legum r\u00e1\u00f0stefnum og v\u00f6rus\u00fdningum \u00ed Evr\u00f3pu Fyrirt\u00e6kjastefnum\u00f3t (e. B2B matchmaking) eru \u00e1hrifar\u00edk lei\u00f0 til a\u00f0 hitta m\u00f6gulega samstarfsa\u00f0ila, fj\u00e1rfesta e\u00f0a vi\u00f0skiptavini. Fyrirt\u00e6kjastefnum\u00f3t er skipulag\u00f0ir fundir [&hellip;]<\/p>\n","protected":false},"author":3,"featured_media":155,"parent":463,"menu_order":0,"comment_status":"closed","ping_status":"closed","template":"","meta":{"_acf_changed":false,"footnotes":""},"class_list":["post-976","page","type-page","status-publish","has-post-thumbnail","hentry"],"acf":[],"_links":{"self":[{"href":"https:\/\/een.is\/en\/wp-json\/wp\/v2\/pages\/976","targetHints":{"allow":["GET"]}}],"collection":[{"href":"https:\/\/een.is\/en\/wp-json\/wp\/v2\/pages"}],"about":[{"href":"https:\/\/een.is\/en\/wp-json\/wp\/v2\/types\/page"}],"author":[{"embeddable":true,"href":"https:\/\/een.is\/en\/wp-json\/wp\/v2\/users\/3"}],"replies":[{"embeddable":true,"href":"https:\/\/een.is\/en\/wp-json\/wp\/v2\/comments?post=976"}],"version-history":[{"count":33,"href":"https:\/\/een.is\/en\/wp-json\/wp\/v2\/pages\/976\/revisions"}],"predecessor-version":[{"id":2184,"href":"https:\/\/een.is\/en\/wp-json\/wp\/v2\/pages\/976\/revisions\/2184"}],"up":[{"embeddable":true,"href":"https:\/\/een.is\/en\/wp-json\/wp\/v2\/pages\/463"}],"wp:featuredmedia":[{"embeddable":true,"href":"https:\/\/een.is\/en\/wp-json\/wp\/v2\/media\/155"}],"wp:attachment":[{"href":"https:\/\/een.is\/en\/wp-json\/wp\/v2\/media?parent=976"}],"curies":[{"name":"wp","href":"https:\/\/api.w.org\/{rel}","templated":true}]}}