{"id":424,"date":"2023-10-17T10:40:02","date_gmt":"2023-10-17T10:40:02","guid":{"rendered":"https:\/\/een.is\/?page_id=424"},"modified":"2024-04-30T13:26:42","modified_gmt":"2024-04-30T13:26:42","slug":"um-okkur","status":"publish","type":"page","link":"https:\/\/een.is\/en\/um-okkur\/","title":{"rendered":"Um okkur"},"content":{"rendered":"<div data-elementor-type=\"wp-page\" data-elementor-id=\"424\" class=\"elementor elementor-424\" data-elementor-post-type=\"page\">\n\t\t\t\t<div class=\"elementor-element elementor-element-8409a46 e-flex e-con-boxed e-con e-parent\" data-id=\"8409a46\" data-element_type=\"container\" data-e-type=\"container\" data-settings=\"{&quot;background_background&quot;:&quot;classic&quot;}\">\n\t\t\t\t\t<div class=\"e-con-inner\">\n\t\t<div class=\"elementor-element elementor-element-dedc5bb e-flex e-con-boxed e-con e-child\" data-id=\"dedc5bb\" data-element_type=\"container\" data-e-type=\"container\">\n\t\t\t\t\t<div class=\"e-con-inner\">\n\t\t\t\t<div class=\"elementor-element elementor-element-8221d31 elementor-widget elementor-widget-heading\" data-id=\"8221d31\" data-element_type=\"widget\" data-e-type=\"widget\" data-widget_type=\"heading.default\">\n\t\t\t\t<div class=\"elementor-widget-container\">\n\t\t\t\t\t<h1 class=\"elementor-heading-title elementor-size-default\">Enterprise Europe Network<\/h1>\t\t\t\t<\/div>\n\t\t\t\t<\/div>\n\t\t\t\t<div class=\"elementor-element elementor-element-5ada0c8 elementor-widget elementor-widget-text-editor\" data-id=\"5ada0c8\" data-element_type=\"widget\" data-e-type=\"widget\" data-widget_type=\"text-editor.default\">\n\t\t\t\t<div class=\"elementor-widget-container\">\n\t\t\t\t\t\t\t\t\t<p>Vi\u00f0 a\u00f0sto\u00f0um l\u00edtil og me\u00f0alst\u00f3r fyrirt\u00e6ki gegnum st\u00e6rsta vi\u00f0skiptatengslanet heims<\/p>\t\t\t\t\t\t\t\t<\/div>\n\t\t\t\t<\/div>\n\t\t\t\t\t<\/div>\n\t\t\t\t<\/div>\n\t\t\t\t\t<\/div>\n\t\t\t\t<\/div>\n\t\t<div class=\"elementor-element elementor-element-659bae5 e-flex e-con-boxed e-con e-parent\" data-id=\"659bae5\" data-element_type=\"container\" data-e-type=\"container\">\n\t\t\t\t\t<div class=\"e-con-inner\">\n\t\t\t\t<div class=\"elementor-element elementor-element-d333e44 elementor-widget elementor-widget-text-editor\" data-id=\"d333e44\" data-element_type=\"widget\" data-e-type=\"widget\" data-widget_type=\"text-editor.default\">\n\t\t\t\t<div class=\"elementor-widget-container\">\n\t\t\t\t\t\t\t\t\t<p>Hlutverk Enterprise Europe Network \u00e1 \u00cdslandi er a\u00f0 uppl\u00fdsa, fr\u00e6\u00f0a og lei\u00f0beina fyrirt\u00e6kjum \u00e1 \u00cdslandi var\u00f0andi t\u00e6kif\u00e6ri \u00e1 al\u00fej\u00f3\u00f0amarka\u00f0i.<\/p><p>Enterprise Europe Network \u00e1 \u00cdslandi getur a\u00f0sto\u00f0a\u00f0 l\u00edtil og me\u00f0alst\u00f3r fyrirt\u00e6ki, auk h\u00e1sk\u00f3la og opinbera a\u00f0ila, vi\u00f0 a\u00f0 efla samkeppnish\u00e6fni s\u00edna \u00e1 al\u00fej\u00f3\u00f0amarka\u00f0i gegnum st\u00e6rsta vi\u00f0skiptatengslanet heims.\u00a0\u00a0<\/p><p>Hj\u00e1 Enterprise Europe Network starfa um 3000 s\u00e9rfr\u00e6\u00f0ingar \u00e1 yfir 450 st\u00f6\u00f0um \u00ed fleiri en 40 l\u00f6ndum og \u00ed \u00f6llum heims\u00e1lfum. Me\u00f0 s\u00e9r\u00feekkingu \u00e1 al\u00fej\u00f3\u00f0legum m\u00f6rku\u00f0um og tengslanet \u00ed allri Evr\u00f3pu og v\u00ed\u00f0ar, a\u00f0sto\u00f0um vi\u00f0 fyrirt\u00e6ki vi\u00f0 a\u00f0 komast \u00e1 n\u00fdja marka\u00f0i.<\/p><ul><li>Koma n\u00fdrri t\u00e6kni, v\u00f6ru e\u00f0a \u00fej\u00f3nustu \u00e1 framf\u00e6ri erlendis.<\/li><li>Leita a\u00f0 framlei\u00f0slua\u00f0ila, dreifingara\u00f0ila e\u00f0a birgja.<\/li><li>Leita a\u00f0 samstarfsa\u00f0ilum \u00ed evr\u00f3psk ranns\u00f3knarverkefni.<\/li><\/ul><p>Enterprise Europe Network \u00e1 \u00cdslandi er hluti af \u00feeirri \u00fej\u00f3nustu sem Ranns\u00f3knarmi\u00f0st\u00f6\u00f0 \u00cdslands (Rann\u00eds) veitir og er styrkt af Evr\u00f3pusambandinu.\u00a0<\/p><p><strong>\u00dej\u00f3nustan er hluti af stu\u00f0ningsumhverfi n\u00fdsk\u00f6punar \u00e1 \u00cdslandi og er gjaldfrj\u00e1ls.<\/strong><\/p>\t\t\t\t\t\t\t\t<\/div>\n\t\t\t\t<\/div>\n\t\t\t\t\t<\/div>\n\t\t\t\t<\/div>\n\t\t<div class=\"elementor-element elementor-element-1ada8b9 e-flex e-con-boxed e-con e-parent\" data-id=\"1ada8b9\" data-element_type=\"container\" data-e-type=\"container\">\n\t\t\t\t\t<div class=\"e-con-inner\">\n\t\t\t\t<div class=\"elementor-element elementor-element-25fdca8 elementor-widget elementor-widget-counter\" data-id=\"25fdca8\" data-element_type=\"widget\" data-e-type=\"widget\" data-widget_type=\"counter.default\">\n\t\t\t\t<div class=\"elementor-widget-container\">\n\t\t\t\t\t\t\t<div class=\"elementor-counter\">\n\t\t\t<div class=\"elementor-counter-title\">S\u00e9rfr\u00e6\u00f0ingar<\/div>\t\t\t<div class=\"elementor-counter-number-wrapper\">\n\t\t\t\t<span class=\"elementor-counter-number-prefix\"><\/span>\n\t\t\t\t<span class=\"elementor-counter-number\" data-duration=\"2000\" data-to-value=\"3000\" data-from-value=\"0\" data-delimiter=\",\">0<\/span>\n\t\t\t\t<span class=\"elementor-counter-number-suffix\">+<\/span>\n\t\t\t<\/div>\n\t\t<\/div>\n\t\t\t\t\t\t<\/div>\n\t\t\t\t<\/div>\n\t\t\t\t<div class=\"elementor-element elementor-element-d7d5106 elementor-widget elementor-widget-counter\" data-id=\"d7d5106\" data-element_type=\"widget\" data-e-type=\"widget\" data-widget_type=\"counter.default\">\n\t\t\t\t<div class=\"elementor-widget-container\">\n\t\t\t\t\t\t\t<div class=\"elementor-counter\">\n\t\t\t<div class=\"elementor-counter-title\">Skrifstofur<\/div>\t\t\t<div class=\"elementor-counter-number-wrapper\">\n\t\t\t\t<span class=\"elementor-counter-number-prefix\"><\/span>\n\t\t\t\t<span class=\"elementor-counter-number\" data-duration=\"2000\" data-to-value=\"450\" data-from-value=\"0\" data-delimiter=\",\">0<\/span>\n\t\t\t\t<span class=\"elementor-counter-number-suffix\">+<\/span>\n\t\t\t<\/div>\n\t\t<\/div>\n\t\t\t\t\t\t<\/div>\n\t\t\t\t<\/div>\n\t\t\t\t<div class=\"elementor-element elementor-element-9eb5c23 elementor-widget elementor-widget-counter\" data-id=\"9eb5c23\" data-element_type=\"widget\" data-e-type=\"widget\" data-widget_type=\"counter.default\">\n\t\t\t\t<div class=\"elementor-widget-container\">\n\t\t\t\t\t\t\t<div class=\"elementor-counter\">\n\t\t\t<div class=\"elementor-counter-title\">L\u00f6nd<\/div>\t\t\t<div class=\"elementor-counter-number-wrapper\">\n\t\t\t\t<span class=\"elementor-counter-number-prefix\"><\/span>\n\t\t\t\t<span class=\"elementor-counter-number\" data-duration=\"2000\" data-to-value=\"40\" data-from-value=\"0\" data-delimiter=\",\">0<\/span>\n\t\t\t\t<span class=\"elementor-counter-number-suffix\">+<\/span>\n\t\t\t<\/div>\n\t\t<\/div>\n\t\t\t\t\t\t<\/div>\n\t\t\t\t<\/div>\n\t\t\t\t\t<\/div>\n\t\t\t\t<\/div>\n\t\t<div class=\"elementor-element elementor-element-b3bfa01 e-flex e-con-boxed e-con e-parent\" data-id=\"b3bfa01\" data-element_type=\"container\" data-e-type=\"container\">\n\t\t\t\t\t<div class=\"e-con-inner\">\n\t\t\t\t<div class=\"elementor-element elementor-element-d2d1f4c elementor-widget elementor-widget-video\" data-id=\"d2d1f4c\" data-element_type=\"widget\" data-e-type=\"widget\" data-settings=\"{&quot;youtube_url&quot;:&quot;https:\\\/\\\/www.youtube.com\\\/embed\\\/yd-hAaBxM0w&quot;,&quot;yt_privacy&quot;:&quot;yes&quot;,&quot;video_type&quot;:&quot;youtube&quot;,&quot;controls&quot;:&quot;yes&quot;}\" data-widget_type=\"video.default\">\n\t\t\t\t<div class=\"elementor-widget-container\">\n\t\t\t\t\t\t\t<div class=\"elementor-wrapper elementor-open-inline\">\n\t\t\t<div class=\"elementor-video\"><\/div>\t\t<\/div>\n\t\t\t\t\t\t<\/div>\n\t\t\t\t<\/div>\n\t\t\t\t\t<\/div>\n\t\t\t\t<\/div>\n\t\t<div class=\"elementor-element elementor-element-b0972f1 e-flex e-con-boxed e-con e-parent\" data-id=\"b0972f1\" data-element_type=\"container\" data-e-type=\"container\">\n\t\t\t\t\t<div class=\"e-con-inner\">\n\t\t\t\t<div class=\"elementor-element elementor-element-6c4140a elementor-widget elementor-widget-toggle\" data-id=\"6c4140a\" data-element_type=\"widget\" data-e-type=\"widget\" data-widget_type=\"toggle.default\">\n\t\t\t\t<div class=\"elementor-widget-container\">\n\t\t\t\t\t\t\t<div class=\"elementor-toggle\">\n\t\t\t\t\t\t\t<div class=\"elementor-toggle-item\">\n\t\t\t\t\t<div id=\"elementor-tab-title-1131\" class=\"elementor-tab-title\" data-tab=\"1\" role=\"button\" aria-controls=\"elementor-tab-content-1131\" aria-expanded=\"false\">\n\t\t\t\t\t\t\t\t\t\t\t\t<span class=\"elementor-toggle-icon elementor-toggle-icon-right\" aria-hidden=\"true\">\n\t\t\t\t\t\t\t\t\t\t\t\t\t\t\t<span class=\"elementor-toggle-icon-closed\"><span class=\"fas fa-caret-right\"><\/span><\/span>\n\t\t\t\t\t\t\t\t<span class=\"elementor-toggle-icon-opened\"><span class=\"elementor-toggle-icon-opened fas fa-caret-up\"><\/span><\/span>\n\t\t\t\t\t\t\t\t\t\t\t\t\t<\/span>\n\t\t\t\t\t\t\t\t\t\t\t\t<a class=\"elementor-toggle-title\" tabindex=\"0\">S\u00e9rfr\u00e6\u00f0ingar Enterprise Europe Network  \u00e1 \u00cdslandi<\/a>\n\t\t\t\t\t<\/div>\n\n\t\t\t\t\t<div id=\"elementor-tab-content-1131\" class=\"elementor-tab-content elementor-clearfix\" data-tab=\"1\" role=\"region\" aria-labelledby=\"elementor-tab-title-1131\"><p><img decoding=\"async\" class=\"alignleft wp-image-762 size-thumbnail\" src=\"https:\/\/een.is\/wp-content\/uploads\/2024\/04\/mjoll_waldorff-150x150.jpg\" alt=\"Mj\u00f6ll Waldorff\" width=\"150\" height=\"150\" \/><\/p><h2>Mj\u00f6ll Waldorff<\/h2><p>Verkefnastj\u00f3ri<\/p><p class=\"normal\">S\u00edmi: <a class=\"landline\" href=\"tel:5155851\">515 5851<\/a>\u00a0<\/p><p class=\"normal\">Netfang: <a class=\"netfang mailto\" href=\"mailto:mjoll.waldorff@rannis.is\">mjoll.waldorff@rannis.is<\/a>\u00a0<\/p><hr \/><h2><img decoding=\"async\" class=\"alignleft wp-image-763 size-thumbnail\" src=\"https:\/\/een.is\/wp-content\/uploads\/2024\/04\/sigthrudur_gudnadottir-150x150.jpg\" alt=\"\" width=\"150\" height=\"150\" \/>Sig\u00fer\u00fa\u00f0ur Gu\u00f0nad\u00f3ttir<\/h2><p class=\"normal\">S\u00edmi: <a class=\"landline tel\" href=\"tel:5155865\">515 5865<\/a><\/p><p class=\"normal\">Netfang: <a class=\"netfang mailto\" href=\"mailto:sigthrudur.gudnadottir@rannis.is\">sigthrudur.gudnadottir@rannis.is<\/a>\u00a0<\/p><hr \/><h2><img decoding=\"async\" class=\"wp-image-767 size-full alignleft\" src=\"https:\/\/een.is\/wp-content\/uploads\/2024\/04\/elisabet.m.andresdottir.jpg\" alt=\"\" width=\"150\" height=\"193\" srcset=\"https:\/\/een.is\/wp-content\/uploads\/2024\/04\/elisabet.m.andresdottir.jpg 150w, https:\/\/een.is\/wp-content\/uploads\/2024\/04\/elisabet.m.andresdottir-9x12.jpg 9w\" sizes=\"(max-width: 150px) 100vw, 150px\" \/>El\u00edsabet M. Andr\u00e9sd\u00f3ttir<\/h2><p class=\"normal\">S\u00edmi: <a class=\"landline tel\" href=\"tel:5155809\">515 5809<\/a><\/p><p class=\"normal\">Netfang: <a class=\"netfang mailto\" href=\"mailto:elisabet.andresdottir@rannis.is\">elisabet.andresdottir@rannis.is<\/a>\u00a0<\/p><hr \/><h2><img loading=\"lazy\" decoding=\"async\" class=\"alignleft wp-image-764 size-thumbnail\" src=\"https:\/\/een.is\/wp-content\/uploads\/2024\/04\/brynja_jonsdottir-150x150.jpg\" alt=\"\" width=\"150\" height=\"150\" \/>Brynja J\u00f3nsd\u00f3ttir<\/h2><p class=\"normal\">S\u00edmi: <a class=\"landline tel\" href=\"tel:5155859\">515 5859<\/a><\/p><p class=\"normal\">Netfang: <a class=\"netfang mailto\" href=\"mailto:brynja.jonsdottir@rannis.is\">brynja.jonsdottir@rannis.is<\/a><\/p><p class=\"normal\">\u00a0<\/p><\/div>\n\t\t\t\t<\/div>\n\t\t\t\t\t\t\t\t<\/div>\n\t\t\t\t\t\t<\/div>\n\t\t\t\t<\/div>\n\t\t\t\t\t<\/div>\n\t\t\t\t<\/div>\n\t\t<div class=\"elementor-element elementor-element-89a55cb e-flex e-con-boxed e-con e-parent\" data-id=\"89a55cb\" data-element_type=\"container\" data-e-type=\"container\">\n\t\t\t\t\t<div class=\"e-con-inner\">\n\t\t\t\t<div class=\"elementor-element elementor-element-b72492e elementor-arrows-position-outside elementor-pagination-position-outside elementor-widget elementor-widget-image-carousel\" data-id=\"b72492e\" data-element_type=\"widget\" data-e-type=\"widget\" data-settings=\"{&quot;slides_to_show&quot;:&quot;5&quot;,&quot;image_spacing_custom&quot;:{&quot;unit&quot;:&quot;px&quot;,&quot;size&quot;:24,&quot;sizes&quot;:[]},&quot;navigation&quot;:&quot;both&quot;,&quot;autoplay&quot;:&quot;yes&quot;,&quot;pause_on_hover&quot;:&quot;yes&quot;,&quot;pause_on_interaction&quot;:&quot;yes&quot;,&quot;autoplay_speed&quot;:5000,&quot;infinite&quot;:&quot;yes&quot;,&quot;speed&quot;:500,&quot;image_spacing_custom_laptop&quot;:{&quot;unit&quot;:&quot;px&quot;,&quot;size&quot;:&quot;&quot;,&quot;sizes&quot;:[]},&quot;image_spacing_custom_tablet&quot;:{&quot;unit&quot;:&quot;px&quot;,&quot;size&quot;:&quot;&quot;,&quot;sizes&quot;:[]},&quot;image_spacing_custom_mobile&quot;:{&quot;unit&quot;:&quot;px&quot;,&quot;size&quot;:&quot;&quot;,&quot;sizes&quot;:[]}}\" data-widget_type=\"image-carousel.default\">\n\t\t\t\t<div class=\"elementor-widget-container\">\n\t\t\t\t\t\t\t<div class=\"elementor-image-carousel-wrapper swiper\" role=\"region\" aria-roledescription=\"carousel\" aria-label=\"Image Carousel\" dir=\"ltr\">\n\t\t\t<div class=\"elementor-image-carousel swiper-wrapper\" aria-live=\"off\">\n\t\t\t\t\t\t\t\t<div class=\"swiper-slide\" role=\"group\" aria-roledescription=\"slide\" aria-label=\"1 of 6\" data-no-translation-aria-label=\"\"><figure class=\"swiper-slide-inner\"><img decoding=\"async\" class=\"swiper-slide-image\" src=\"https:\/\/een.is\/wp-content\/uploads\/2023\/10\/international-IP-Helpdesk--300x300.png\" alt=\"international IP Helpdesk\" \/><\/figure><\/div><div class=\"swiper-slide\" role=\"group\" aria-roledescription=\"slide\" aria-label=\"2 of 6\" data-no-translation-aria-label=\"\"><figure class=\"swiper-slide-inner\"><img decoding=\"async\" class=\"swiper-slide-image\" src=\"https:\/\/een.is\/wp-content\/uploads\/2023\/10\/NazovniLogo-300x300.png\" alt=\"NazovniLogo\" \/><\/figure><\/div><div class=\"swiper-slide\" role=\"group\" aria-roledescription=\"slide\" aria-label=\"3 of 6\" data-no-translation-aria-label=\"\"><figure class=\"swiper-slide-inner\"><img decoding=\"async\" class=\"swiper-slide-image\" src=\"https:\/\/een.is\/wp-content\/uploads\/2023\/10\/WegateLogo-300x300.png\" alt=\"WegateLogo\" \/><\/figure><\/div><div class=\"swiper-slide\" role=\"group\" aria-roledescription=\"slide\" aria-label=\"4 of 6\" data-no-translation-aria-label=\"\"><figure class=\"swiper-slide-inner\"><img decoding=\"async\" class=\"swiper-slide-image\" src=\"https:\/\/een.is\/wp-content\/uploads\/2023\/10\/EYE_0-300x300.jpg\" alt=\"EYE_0\" \/><\/figure><\/div><div class=\"swiper-slide\" role=\"group\" aria-roledescription=\"slide\" aria-label=\"5 of 6\" data-no-translation-aria-label=\"\"><figure class=\"swiper-slide-inner\"><img decoding=\"async\" class=\"swiper-slide-image\" src=\"https:\/\/een.is\/wp-content\/uploads\/2023\/10\/EEN2EICLogo-300x300.png\" alt=\"EEN2EICLogo\" \/><\/figure><\/div><div class=\"swiper-slide\" role=\"group\" aria-roledescription=\"slide\" aria-label=\"6 of 6\" data-no-translation-aria-label=\"\"><figure class=\"swiper-slide-inner\"><img decoding=\"async\" class=\"swiper-slide-image\" src=\"https:\/\/een.is\/wp-content\/uploads\/2023\/10\/EUSolvit-300x300.png\" alt=\"EUSolvit\" \/><\/figure><\/div>\t\t\t<\/div>\n\t\t\t\t\t\t\t\t\t\t\t\t<div class=\"elementor-swiper-button elementor-swiper-button-prev\" role=\"button\" tabindex=\"0\">\n\t\t\t\t\t\t<span aria-hidden=\"true\" class=\"eicon-chevron-left\"><\/span>\t\t\t\t\t<\/div>\n\t\t\t\t\t<div class=\"elementor-swiper-button elementor-swiper-button-next\" role=\"button\" tabindex=\"0\">\n\t\t\t\t\t\t<span aria-hidden=\"true\" class=\"eicon-chevron-right\"><\/span>\t\t\t\t\t<\/div>\n\t\t\t\t\n\t\t\t\t\t\t\t\t\t<div class=\"swiper-pagination\"><\/div>\n\t\t\t\t\t\t\t\t\t<\/div>\n\t\t\t\t\t\t<\/div>\n\t\t\t\t<\/div>\n\t\t\t\t\t<\/div>\n\t\t\t\t<\/div>\n\t\t\t\t<\/div>","protected":false},"excerpt":{"rendered":"<p>Enterprise Europe Network Vi\u00f0 a\u00f0sto\u00f0um l\u00edtil og me\u00f0alst\u00f3r fyrirt\u00e6ki gegnum st\u00e6rsta vi\u00f0skiptatengslanet heims Hlutverk Enterprise Europe Network \u00e1 \u00cdslandi er a\u00f0 uppl\u00fdsa, fr\u00e6\u00f0a og lei\u00f0beina fyrirt\u00e6kjum \u00e1 \u00cdslandi var\u00f0andi t\u00e6kif\u00e6ri [&hellip;]<\/p>\n","protected":false},"author":4,"featured_media":155,"parent":0,"menu_order":0,"comment_status":"closed","ping_status":"closed","template":"","meta":{"_acf_changed":false,"footnotes":""},"class_list":["post-424","page","type-page","status-publish","has-post-thumbnail","hentry"],"acf":[],"_links":{"self":[{"href":"https:\/\/een.is\/en\/wp-json\/wp\/v2\/pages\/424","targetHints":{"allow":["GET"]}}],"collection":[{"href":"https:\/\/een.is\/en\/wp-json\/wp\/v2\/pages"}],"about":[{"href":"https:\/\/een.is\/en\/wp-json\/wp\/v2\/types\/page"}],"author":[{"embeddable":true,"href":"https:\/\/een.is\/en\/wp-json\/wp\/v2\/users\/4"}],"replies":[{"embeddable":true,"href":"https:\/\/een.is\/en\/wp-json\/wp\/v2\/comments?post=424"}],"version-history":[{"count":0,"href":"https:\/\/een.is\/en\/wp-json\/wp\/v2\/pages\/424\/revisions"}],"wp:featuredmedia":[{"embeddable":true,"href":"https:\/\/een.is\/en\/wp-json\/wp\/v2\/media\/155"}],"wp:attachment":[{"href":"https:\/\/een.is\/en\/wp-json\/wp\/v2\/media?parent=424"}],"curies":[{"name":"wp","href":"https:\/\/api.w.org\/{rel}","templated":true}]}}