{"id":1989,"date":"2025-02-24T11:19:08","date_gmt":"2025-02-24T11:19:08","guid":{"rendered":"https:\/\/een.is\/?page_id=1989"},"modified":"2025-02-24T11:19:33","modified_gmt":"2025-02-24T11:19:33","slug":"fyrirvari","status":"publish","type":"page","link":"https:\/\/een.is\/en\/fyrirvari\/","title":{"rendered":"Fyrirvari"},"content":{"rendered":"<div data-elementor-type=\"wp-page\" data-elementor-id=\"1989\" class=\"elementor elementor-1989\" data-elementor-post-type=\"page\">\n\t\t\t\t<div class=\"elementor-element elementor-element-f014154 e-flex e-con-boxed e-con e-parent\" data-id=\"f014154\" data-element_type=\"container\" data-e-type=\"container\">\n\t\t\t\t\t<div class=\"e-con-inner\">\n\t\t\t\t<div class=\"elementor-element elementor-element-4db0bc4 elementor-widget elementor-widget-text-editor\" data-id=\"4db0bc4\" data-element_type=\"widget\" data-e-type=\"widget\" data-widget_type=\"text-editor.default\">\n\t\t\t\t<div class=\"elementor-widget-container\">\n\t\t\t\t\t\t\t\t\t<p>\u00de\u00f3tt leitast s\u00e9 vi\u00f0 a\u00f0 hafa uppl\u00fdsingar \u00e1 vef Enterprise Europe Network r\u00e9ttar og \u00ed samr\u00e6mi vi\u00f0 n\u00fdjustu st\u00f6\u00f0u m\u00e1la er ekki \u00e1vallt h\u00e6gt a\u00f0 \u00e1byrgjast a\u00f0 svo s\u00e9. \u00deetta \u00e1 einnig vi\u00f0 um tilv\u00edsanir og tengla \u00ed efni utan vefsins.\u00a0<\/p><p>\u00deessi vefur var opna\u00f0ur 1. j\u00fan\u00ed 2024. Allt efni af eldri vef var flutt yfir \u00e1 \u00feennan vef. Eldri vefir eru a\u00f0gengilegir \u00ed Vefsafni Landsb\u00f3kasafns \u00cdslands \u2013 H\u00e1sk\u00f3lasafni\u00a0<a class=\"external\" title=\"vefsafn.is (Opnast \u00ed n\u00fdjum vafraglugga)\" href=\"http:\/\/www.vefsafn.is\/\" target=\"_blank\" rel=\"noopener\">vefsafn.is<\/a>\u00a0. Einnig er h\u00e6gt a\u00f0 leita til Enterprise Europe Network me\u00f0 uppl\u00fdsingar um efni sem ekki finnst \u00e1 \u00feessum vef.\u00a0<\/p><p>Leitast er vi\u00f0 a\u00f0 gera vefinn \u00feannig a\u00f0 hann gagnist notendum sem best, \u00fev\u00ed eru allar \u00e1bendingar vel \u00feegnar, \u00fe\u00e6r m\u00e1 senda \u00e1<a href=\"mailto:een@een.is\">\u00a0een@een.is\u00a0<\/a><\/p><h3><strong>Disclaimer statement<\/strong><\/h3><p>Whilst every effort has been made to ensure the accuracy of the information supplied herein, Enterprise Europe Network cannot be held responsible for any errors or omissions. No responsibility can be taken for the accuracy, completeness and timeliness of information presented on this site. Enterprise Europe Network does not assume responsibility for any damage resulting from the use of information presented on this site.<\/p>\t\t\t\t\t\t\t\t<\/div>\n\t\t\t\t<\/div>\n\t\t\t\t\t<\/div>\n\t\t\t\t<\/div>\n\t\t\t\t<\/div>","protected":false},"excerpt":{"rendered":"<p>\u00de\u00f3tt leitast s\u00e9 vi\u00f0 a\u00f0 hafa uppl\u00fdsingar \u00e1 vef Enterprise Europe Network r\u00e9ttar og \u00ed samr\u00e6mi vi\u00f0 n\u00fdjustu st\u00f6\u00f0u m\u00e1la er ekki \u00e1vallt h\u00e6gt a\u00f0 \u00e1byrgjast a\u00f0 svo s\u00e9. \u00deetta [&hellip;]<\/p>\n","protected":false},"author":4,"featured_media":0,"parent":0,"menu_order":0,"comment_status":"closed","ping_status":"closed","template":"","meta":{"_acf_changed":false,"footnotes":""},"class_list":["post-1989","page","type-page","status-publish","hentry"],"acf":[],"_links":{"self":[{"href":"https:\/\/een.is\/en\/wp-json\/wp\/v2\/pages\/1989","targetHints":{"allow":["GET"]}}],"collection":[{"href":"https:\/\/een.is\/en\/wp-json\/wp\/v2\/pages"}],"about":[{"href":"https:\/\/een.is\/en\/wp-json\/wp\/v2\/types\/page"}],"author":[{"embeddable":true,"href":"https:\/\/een.is\/en\/wp-json\/wp\/v2\/users\/4"}],"replies":[{"embeddable":true,"href":"https:\/\/een.is\/en\/wp-json\/wp\/v2\/comments?post=1989"}],"version-history":[{"count":4,"href":"https:\/\/een.is\/en\/wp-json\/wp\/v2\/pages\/1989\/revisions"}],"predecessor-version":[{"id":1993,"href":"https:\/\/een.is\/en\/wp-json\/wp\/v2\/pages\/1989\/revisions\/1993"}],"wp:attachment":[{"href":"https:\/\/een.is\/en\/wp-json\/wp\/v2\/media?parent=1989"}],"curies":[{"name":"wp","href":"https:\/\/api.w.org\/{rel}","templated":true}]}}