{"id":1331,"date":"2024-05-01T22:30:11","date_gmt":"2024-05-01T22:30:11","guid":{"rendered":"https:\/\/een.is\/?page_id=1331"},"modified":"2024-05-04T16:21:45","modified_gmt":"2024-05-04T16:21:45","slug":"stafraen-vegferd","status":"publish","type":"page","link":"https:\/\/een.is\/en\/thjonusta\/stafraen-vegferd\/","title":{"rendered":"Stafr\u00e6n vegfer\u00f0"},"content":{"rendered":"<div data-elementor-type=\"wp-page\" data-elementor-id=\"1331\" class=\"elementor elementor-1331\" data-elementor-post-type=\"page\">\n\t\t\t\t<div class=\"elementor-element elementor-element-2df79d86 e-flex e-con-boxed e-con e-parent\" data-id=\"2df79d86\" data-element_type=\"container\" data-e-type=\"container\" data-settings=\"{&quot;background_background&quot;:&quot;classic&quot;}\">\n\t\t\t\t\t<div class=\"e-con-inner\">\n\t\t<div class=\"elementor-element elementor-element-7265256a e-flex e-con-boxed e-con e-child\" data-id=\"7265256a\" data-element_type=\"container\" data-e-type=\"container\">\n\t\t\t\t\t<div class=\"e-con-inner\">\n\t\t\t\t<div class=\"elementor-element elementor-element-4e299152 elementor-widget elementor-widget-heading\" data-id=\"4e299152\" data-element_type=\"widget\" data-e-type=\"widget\" data-widget_type=\"heading.default\">\n\t\t\t\t<div class=\"elementor-widget-container\">\n\t\t\t\t\t<h1 class=\"elementor-heading-title elementor-size-default\">Stafr\u00e6n vegfer\u00f0<\/h1>\t\t\t\t<\/div>\n\t\t\t\t<\/div>\n\t\t\t\t<div class=\"elementor-element elementor-element-3c43b325 elementor-widget elementor-widget-text-editor\" data-id=\"3c43b325\" data-element_type=\"widget\" data-e-type=\"widget\" data-widget_type=\"text-editor.default\">\n\t\t\t\t<div class=\"elementor-widget-container\">\n\t\t\t\t\t\t\t\t\t<p>Vi\u00f0 a\u00f0sto\u00f0um l\u00edtil og me\u00f0alst\u00f3r fyrirt\u00e6ki gegnum st\u00e6rsta vi\u00f0skiptatengslanet heims<\/p>\t\t\t\t\t\t\t\t<\/div>\n\t\t\t\t<\/div>\n\t\t\t\t\t<\/div>\n\t\t\t\t<\/div>\n\t\t\t\t\t<\/div>\n\t\t\t\t<\/div>\n\t\t<div class=\"elementor-element elementor-element-47192329 e-flex e-con-boxed e-con e-parent\" data-id=\"47192329\" data-element_type=\"container\" data-e-type=\"container\">\n\t\t\t\t\t<div class=\"e-con-inner\">\n\t\t\t\t<div class=\"elementor-element elementor-element-56b11315 elementor-widget elementor-widget-text-editor\" data-id=\"56b11315\" data-element_type=\"widget\" data-e-type=\"widget\" data-widget_type=\"text-editor.default\">\n\t\t\t\t<div class=\"elementor-widget-container\">\n\t\t\t\t\t\t\t\t\t<p style=\"background: white;\"><span style=\"font-family: 'Arial',sans-serif; color: black;\">Vi\u00f0 hj\u00e1 Enterprise Europe Network getum a\u00f0sto\u00f0a\u00f0 l\u00edtil og me\u00f0alst\u00f3r fyrirt\u00e6ki a\u00f0 innlei\u00f0a stafr\u00e6nar lausnir. Vi\u00f0 veitum s\u00e9rsni\u00f0na r\u00e1\u00f0gj\u00f6f eftir \u00edtarlegt mat \u00e1 \u00fe\u00f6rfum og \u00e1skorunum fyrirt\u00e6kis \u00fe\u00edns.\u00a0<\/span><\/p><ul><li style=\"background: white;\"><span style=\"font-family: 'Arial',sans-serif; color: black;\">Er stafr\u00e6n n\u00fdsk\u00f6pun\u00a0<\/span><span style=\"font-family: 'Arial',sans-serif; color: black;\">hluti af markmi\u00f0asetningu \u00fe\u00edns fyrirt\u00e6kis?\u00a0<\/span><\/li><li style=\"background: white;\"><span style=\"font-family: 'Arial',sans-serif; color: black;\">Er stafr\u00e6n n\u00fdsk\u00f6pun hluti af grunn vi\u00f0skiptam\u00f3deli og er veri\u00f0 a\u00f0 sko\u00f0a stafr\u00e6na n\u00fdsk\u00f6punarferla?\u00a0 <\/span><\/li><\/ul><p>\u00a0<\/p><p>T\u00e6kniframfarir kalla \u00e1 stafr\u00e6na umbreytingu. Fyrirt\u00e6ki vilja sj\u00e1 hagna\u00f0, traust vi\u00f0skiptavina, starfs\u00e1n\u00e6gju, \u00feau vilja taka betri \u00e1kvar\u00f0anir, besta ferla og auka skilvirkni. \u00d6ll \u00feessi atri\u00f0i b\u00e6ta samkeppnisst\u00f6\u00f0u \u00feeirra. Kr\u00f6fur til fyrirt\u00e6kja aukast. Vi\u00f0skiptavinir vilja a\u00f0 \u00e1 \u00fe\u00e1 s\u00e9 hlusta\u00f0 og a\u00f0 kr\u00f6fum \u00feeirra s\u00e9 m\u00e6tt. Samkeppnin ver\u00f0ur s\u00edfellt har\u00f0ari, starfsmenn kalla eftir n\u00fdst\u00e1rlegri stj\u00f3rnun og ger\u00f0 er krafa \u00e1 aukna gagnan\u00fdtingu og s\u00fdnileika. <span style=\"font-family: 'Arial',sans-serif; color: black;\">Allt eru \u00feetta hvatar til stafr\u00e6nnar \u00fer\u00f3unar. \u00a0<\/span><\/p><h2 style=\"background: white;\"><strong><span style=\"font-family: 'Arial',sans-serif; color: black;\">Hva\u00f0 er stafv\u00e6\u00f0ing?<\/span><\/strong><\/h2><p style=\"background: white; box-sizing: border-box; margin-block: 0px 0.9rem; font-variant-ligatures: normal; font-variant-caps: normal; orphans: 2; text-align: start; widows: 2; -webkit-text-stroke-width: 0px; text-decoration-thickness: initial; text-decoration-style: initial; text-decoration-color: initial; word-spacing: 0px;\"><span style=\"font-family: 'Arial',sans-serif; color: black;\">Stafv\u00e6\u00f0ing er notkun stafr\u00e6nnar t\u00e6kni til a\u00f0 breyta grunn vi\u00f0skiptam\u00f3deli til a\u00f0 opna \u00e1 n\u00fdjar tekjulindir og ver\u00f0m\u00e6taskapandi t\u00e6kif\u00e6ri. Markmi\u00f0i\u00f0 er a\u00f0 skapa n\u00fd ver\u00f0m\u00e6ti, me\u00f0 \u00fev\u00ed a\u00f0 nota stafr\u00e6na t\u00e6kni! Vi\u00f0skiptam\u00f3del fyrirt\u00e6kja er a\u00f0 breytast \u00ed takt vi\u00f0 t\u00edmann.<\/span><\/p><h2 style=\"background: white; box-sizing: border-box; margin-block: 0px 0.9rem; font-variant-ligatures: normal; font-variant-caps: normal; orphans: 2; text-align: start; widows: 2; -webkit-text-stroke-width: 0px; text-decoration-thickness: initial; text-decoration-style: initial; text-decoration-color: initial; word-spacing: 0px;\"><b><span style=\"font-family: 'Arial',sans-serif; color: black;\">Grunn stafv\u00e6\u00f0ing sem hluti af vi\u00f0skiptam\u00f3deli fyrirt\u00e6kja<\/span><\/b><\/h2><ul><li style=\"background: white; box-sizing: border-box; margin-block: 0px 0.9rem; font-variant-ligatures: normal; font-variant-caps: normal; orphans: 2; text-align: start; widows: 2; -webkit-text-stroke-width: 0px; text-decoration-thickness: initial; text-decoration-style: initial; text-decoration-color: initial; word-spacing: 0px;\"><span style=\"font-family: 'Arial',sans-serif; color: black;\">Samf\u00e9lagsmi\u00f0lar<\/span><\/li><li style=\"background: white; box-sizing: border-box; margin-block: 0px 0.9rem; font-variant-ligatures: normal; font-variant-caps: normal; orphans: 2; text-align: start; widows: 2; -webkit-text-stroke-width: 0px; text-decoration-thickness: initial; text-decoration-style: initial; text-decoration-color: initial; word-spacing: 0px;\"><span style=\"font-family: 'Arial',sans-serif; color: black;\">Fars\u00edmat\u00e6kni<\/span><\/li><li style=\"background: white; box-sizing: border-box; margin-block: 0px 0.9rem; font-variant-ligatures: normal; font-variant-caps: normal; orphans: 2; text-align: start; widows: 2; -webkit-text-stroke-width: 0px; text-decoration-thickness: initial; text-decoration-style: initial; text-decoration-color: initial; word-spacing: 0px;\"><span style=\"font-family: 'Arial',sans-serif; color: black;\">Sk\u00fdjalausnir<\/span><\/li><li style=\"background: white; box-sizing: border-box; margin-block: 0px 0.9rem; font-variant-ligatures: normal; font-variant-caps: normal; orphans: 2; text-align: start; widows: 2; -webkit-text-stroke-width: 0px; text-decoration-thickness: initial; text-decoration-style: initial; text-decoration-color: initial; word-spacing: 0px;\"><span style=\"font-family: 'Arial',sans-serif; color: black;\">Gagnagreiningar og gagnan\u00fdting<\/span><\/li><li style=\"background: white; box-sizing: border-box; margin-block: 0px 0.9rem; font-variant-ligatures: normal; font-variant-caps: normal; orphans: 2; text-align: start; widows: 2; -webkit-text-stroke-width: 0px; text-decoration-thickness: initial; text-decoration-style: initial; text-decoration-color: initial; word-spacing: 0px;\"><span style=\"font-family: 'Arial',sans-serif; color: black;\">Internet hlutanna (gervigreind, r\u00f3b\u00f3tart\u00e6kni, sj\u00e1lfvirkniv\u00e6\u00f0ingu ofl.)<\/span><\/li><li style=\"background: white; box-sizing: border-box; margin-block: 0px 0.9rem; font-variant-ligatures: normal; font-variant-caps: normal; orphans: 2; text-align: start; widows: 2; -webkit-text-stroke-width: 0px; text-decoration-thickness: initial; text-decoration-style: initial; text-decoration-color: initial; word-spacing: 0px;\"><span style=\"font-family: 'Arial',sans-serif; color: black;\">\u00derv\u00edddarprentun (\u00f3d\u00fdrar pr\u00f3t\u00f3t\u00fdpur)<\/span><\/li><li style=\"background: white; box-sizing: border-box; margin-block: 0px 0.9rem; font-variant-ligatures: normal; font-variant-caps: normal; orphans: 2; text-align: start; widows: 2; -webkit-text-stroke-width: 0px; text-decoration-thickness: initial; text-decoration-style: initial; text-decoration-color: initial; word-spacing: 0px;\"><span style=\"font-family: 'Arial',sans-serif; color: black;\">Gervigreind (spjall v\u00e9lmenni)<\/span><\/li><li style=\"background: white; box-sizing: border-box; margin-block: 0px 0.9rem; font-variant-ligatures: normal; font-variant-caps: normal; orphans: 2; text-align: start; widows: 2; -webkit-text-stroke-width: 0px; text-decoration-thickness: initial; text-decoration-style: initial; text-decoration-color: initial; word-spacing: 0px;\"><span style=\"font-family: 'Arial',sans-serif; color: black;\">Net\u00f6ryggi (\u00f6ryggispr\u00f3f)<\/span><\/li><li style=\"background: white; box-sizing: border-box; margin-block: 0px 0.9rem; font-variant-ligatures: normal; font-variant-caps: normal; orphans: 2; text-align: start; widows: 2; -webkit-text-stroke-width: 0px; text-decoration-thickness: initial; text-decoration-style: initial; text-decoration-color: initial; word-spacing: 0px;\"><span style=\"font-family: 'Arial',sans-serif; color: black;\">og \u00f6nnur stafr\u00e6n t\u00f3l sem hj\u00e1lpa vi\u00f0 stafv\u00e6\u00f0ingu fyrirt\u00e6kja<\/span><\/li><\/ul><h2 style=\"background: white; box-sizing: border-box; margin-block: 0px 0.9rem; font-variant-ligatures: normal; font-variant-caps: normal; orphans: 2; text-align: start; widows: 2; -webkit-text-stroke-width: 0px; text-decoration-thickness: initial; text-decoration-style: initial; text-decoration-color: initial; word-spacing: 0px;\"><strong style=\"box-sizing: border-box;\"><span style=\"font-family: 'Arial',sans-serif; color: black;\">D\u00e6mi um stafv\u00e6\u00f0ingu fyrirt\u00e6kis<\/span><\/strong><\/h2><p style=\"background: white; box-sizing: border-box; margin-block: 0px 0.9rem; font-variant-ligatures: normal; font-variant-caps: normal; orphans: 2; text-align: start; widows: 2; -webkit-text-stroke-width: 0px; text-decoration-thickness: initial; text-decoration-style: initial; text-decoration-color: initial; word-spacing: 0px;\"><span style=\"font-family: 'Arial',sans-serif; color: black;\">Fyrirt\u00e6ki getur hafi\u00f0 stafr\u00e6na gagnas\u00f6fnun um vi\u00f0skiptavini (CRM kerfi), endurgj\u00f6f \u00feeirra, vi\u00f0br\u00f6g\u00f0 og \u00fearfir me\u00f0 \u00fev\u00ed a\u00f0 nota samf\u00e9lagsmi\u00f0la og gagnagreiningu. Ver\u00f0m\u00e6ti sem skapast eru t.d. n\u00fdjar v\u00f6rur sem t\u00f3k skemri t\u00edma a\u00f0 hanna \u00fear sem vi\u00f0skiptavinir eru me\u00f0 \u00ed r\u00e1\u00f0um, til ver\u00f0ur betri \u00fej\u00f3nusta vi\u00f0 vi\u00f0skiptavini sem s\u00ed\u00f0an skapar auknar tekjur, \u00e1n\u00e6gju, skilning \u00e1 \u00fe\u00f6rfum vi\u00f0skipavinarins og betri samskipti.<\/span><\/p><p style=\"background: white; box-sizing: border-box; margin-block: 0px 0.9rem; font-variant-ligatures: normal; font-variant-caps: normal; orphans: 2; text-align: start; widows: 2; -webkit-text-stroke-width: 0px; text-decoration-thickness: initial; text-decoration-style: initial; text-decoration-color: initial; word-spacing: 0px;\"><span style=\"font-family: 'Arial',sans-serif; color: black;\">Enterprise Europe Network b\u00fd\u00f0ur litlum og me\u00f0alst\u00f3rum fyrirt\u00e6kjum a\u00f0 fara \u00ed gegnum greiningu \u00e1 st\u00f6\u00f0u \u00feeirra \u00ed stafr\u00e6nni n\u00fdsk\u00f6pun og \u00fer\u00f3un og f\u00e1 umr\u00e6\u00f0ur \u00ed gang um ofangreindar spurningar.<\/span><\/p><p><span style=\"font-family: 'Arial',sans-serif; color: black;\">\u00deess ber einnig a\u00f0 geta a\u00f0 vi\u00f0 vinnum n\u00e1i\u00f0 me\u00f0 mi\u00f0st\u00f6\u00f0 stafr\u00e6nnar n\u00fdsk\u00f6punar \u00e1 \u00cdslandi, e. European Digital Innovation Hubs \u2013 EDIH, sem s\u00e9rh\u00e6fir sig \u00ed a\u00f0 a\u00f0sto\u00f0a fyrirt\u00e6ki vi\u00f0 a\u00f0 n\u00fdta starfr\u00e6n t\u00e6kif\u00e6ri.<\/span><\/p>\t\t\t\t\t\t\t\t<\/div>\n\t\t\t\t<\/div>\n\t\t\t\t<div class=\"elementor-element elementor-element-8868a96 elementor-widget elementor-widget-button\" data-id=\"8868a96\" data-element_type=\"widget\" data-e-type=\"widget\" data-widget_type=\"button.default\">\n\t\t\t\t<div class=\"elementor-widget-container\">\n\t\t\t\t\t\t\t\t\t<div class=\"elementor-button-wrapper\">\n\t\t\t\t\t<a class=\"elementor-button elementor-button-link elementor-size-sm\" href=\"\/en\/hafa-samband\/\">\n\t\t\t\t\t\t<span class=\"elementor-button-content-wrapper\">\n\t\t\t\t\t\t\t\t\t<span class=\"elementor-button-text\">Hafa samband<\/span>\n\t\t\t\t\t<\/span>\n\t\t\t\t\t<\/a>\n\t\t\t\t<\/div>\n\t\t\t\t\t\t\t\t<\/div>\n\t\t\t\t<\/div>\n\t\t\t\t\t<\/div>\n\t\t\t\t<\/div>\n\t\t<div class=\"elementor-element elementor-element-51d35178 e-flex e-con-boxed e-con e-parent\" data-id=\"51d35178\" data-element_type=\"container\" data-e-type=\"container\">\n\t\t\t\t\t<div class=\"e-con-inner\">\n\t\t\t\t<div class=\"elementor-element elementor-element-22f6fe16 elementor-arrows-position-outside elementor-pagination-position-outside elementor-widget elementor-widget-image-carousel\" data-id=\"22f6fe16\" data-element_type=\"widget\" data-e-type=\"widget\" data-settings=\"{&quot;slides_to_show&quot;:&quot;5&quot;,&quot;image_spacing_custom&quot;:{&quot;unit&quot;:&quot;px&quot;,&quot;size&quot;:24,&quot;sizes&quot;:[]},&quot;navigation&quot;:&quot;both&quot;,&quot;autoplay&quot;:&quot;yes&quot;,&quot;pause_on_hover&quot;:&quot;yes&quot;,&quot;pause_on_interaction&quot;:&quot;yes&quot;,&quot;autoplay_speed&quot;:5000,&quot;infinite&quot;:&quot;yes&quot;,&quot;speed&quot;:500,&quot;image_spacing_custom_laptop&quot;:{&quot;unit&quot;:&quot;px&quot;,&quot;size&quot;:&quot;&quot;,&quot;sizes&quot;:[]},&quot;image_spacing_custom_tablet&quot;:{&quot;unit&quot;:&quot;px&quot;,&quot;size&quot;:&quot;&quot;,&quot;sizes&quot;:[]},&quot;image_spacing_custom_mobile&quot;:{&quot;unit&quot;:&quot;px&quot;,&quot;size&quot;:&quot;&quot;,&quot;sizes&quot;:[]}}\" data-widget_type=\"image-carousel.default\">\n\t\t\t\t<div class=\"elementor-widget-container\">\n\t\t\t\t\t\t\t<div class=\"elementor-image-carousel-wrapper swiper\" role=\"region\" aria-roledescription=\"carousel\" aria-label=\"Image Carousel\" dir=\"ltr\">\n\t\t\t<div class=\"elementor-image-carousel swiper-wrapper\" aria-live=\"off\">\n\t\t\t\t\t\t\t\t<div class=\"swiper-slide\" role=\"group\" aria-roledescription=\"slide\" aria-label=\"1 of 6\"><figure class=\"swiper-slide-inner\"><img decoding=\"async\" class=\"swiper-slide-image\" src=\"https:\/\/een.is\/wp-content\/uploads\/2023\/10\/international-IP-Helpdesk--300x300.png\" alt=\"international IP Helpdesk\" \/><\/figure><\/div><div class=\"swiper-slide\" role=\"group\" aria-roledescription=\"slide\" aria-label=\"2 of 6\"><figure class=\"swiper-slide-inner\"><img decoding=\"async\" class=\"swiper-slide-image\" src=\"https:\/\/een.is\/wp-content\/uploads\/2023\/10\/NazovniLogo-300x300.png\" alt=\"NazovniLogo\" \/><\/figure><\/div><div class=\"swiper-slide\" role=\"group\" aria-roledescription=\"slide\" aria-label=\"3 of 6\"><figure class=\"swiper-slide-inner\"><img decoding=\"async\" class=\"swiper-slide-image\" src=\"https:\/\/een.is\/wp-content\/uploads\/2023\/10\/WegateLogo-300x300.png\" alt=\"WegateLogo\" \/><\/figure><\/div><div class=\"swiper-slide\" role=\"group\" aria-roledescription=\"slide\" aria-label=\"4 of 6\"><figure class=\"swiper-slide-inner\"><img decoding=\"async\" class=\"swiper-slide-image\" src=\"https:\/\/een.is\/wp-content\/uploads\/2023\/10\/EYE_0-300x300.jpg\" alt=\"EYE_0\" \/><\/figure><\/div><div class=\"swiper-slide\" role=\"group\" aria-roledescription=\"slide\" aria-label=\"5 of 6\"><figure class=\"swiper-slide-inner\"><img decoding=\"async\" class=\"swiper-slide-image\" src=\"https:\/\/een.is\/wp-content\/uploads\/2023\/10\/EEN2EICLogo-300x300.png\" alt=\"EEN2EICLogo\" \/><\/figure><\/div><div class=\"swiper-slide\" role=\"group\" aria-roledescription=\"slide\" aria-label=\"6 of 6\"><figure class=\"swiper-slide-inner\"><img decoding=\"async\" class=\"swiper-slide-image\" src=\"https:\/\/een.is\/wp-content\/uploads\/2023\/10\/EUSolvit-300x300.png\" alt=\"EUSolvit\" \/><\/figure><\/div>\t\t\t<\/div>\n\t\t\t\t\t\t\t\t\t\t\t\t<div class=\"elementor-swiper-button elementor-swiper-button-prev\" role=\"button\" tabindex=\"0\">\n\t\t\t\t\t\t<span aria-hidden=\"true\" class=\"eicon-chevron-left\"><\/span>\t\t\t\t\t<\/div>\n\t\t\t\t\t<div class=\"elementor-swiper-button elementor-swiper-button-next\" role=\"button\" tabindex=\"0\">\n\t\t\t\t\t\t<span aria-hidden=\"true\" class=\"eicon-chevron-right\"><\/span>\t\t\t\t\t<\/div>\n\t\t\t\t\n\t\t\t\t\t\t\t\t\t<div class=\"swiper-pagination\"><\/div>\n\t\t\t\t\t\t\t\t\t<\/div>\n\t\t\t\t\t\t<\/div>\n\t\t\t\t<\/div>\n\t\t\t\t\t<\/div>\n\t\t\t\t<\/div>\n\t\t\t\t<\/div>","protected":false},"excerpt":{"rendered":"<p>Stafr\u00e6n vegfer\u00f0 Vi\u00f0 a\u00f0sto\u00f0um l\u00edtil og me\u00f0alst\u00f3r fyrirt\u00e6ki gegnum st\u00e6rsta vi\u00f0skiptatengslanet heims Vi\u00f0 hj\u00e1 Enterprise Europe Network getum a\u00f0sto\u00f0a\u00f0 l\u00edtil og me\u00f0alst\u00f3r fyrirt\u00e6ki a\u00f0 innlei\u00f0a stafr\u00e6nar lausnir. Vi\u00f0 veitum s\u00e9rsni\u00f0na [&hellip;]<\/p>\n","protected":false},"author":4,"featured_media":155,"parent":463,"menu_order":0,"comment_status":"closed","ping_status":"closed","template":"","meta":{"_acf_changed":false,"footnotes":""},"class_list":["post-1331","page","type-page","status-publish","has-post-thumbnail","hentry"],"acf":[],"_links":{"self":[{"href":"https:\/\/een.is\/en\/wp-json\/wp\/v2\/pages\/1331","targetHints":{"allow":["GET"]}}],"collection":[{"href":"https:\/\/een.is\/en\/wp-json\/wp\/v2\/pages"}],"about":[{"href":"https:\/\/een.is\/en\/wp-json\/wp\/v2\/types\/page"}],"author":[{"embeddable":true,"href":"https:\/\/een.is\/en\/wp-json\/wp\/v2\/users\/4"}],"replies":[{"embeddable":true,"href":"https:\/\/een.is\/en\/wp-json\/wp\/v2\/comments?post=1331"}],"version-history":[{"count":9,"href":"https:\/\/een.is\/en\/wp-json\/wp\/v2\/pages\/1331\/revisions"}],"predecessor-version":[{"id":1509,"href":"https:\/\/een.is\/en\/wp-json\/wp\/v2\/pages\/1331\/revisions\/1509"}],"up":[{"embeddable":true,"href":"https:\/\/een.is\/en\/wp-json\/wp\/v2\/pages\/463"}],"wp:featuredmedia":[{"embeddable":true,"href":"https:\/\/een.is\/en\/wp-json\/wp\/v2\/media\/155"}],"wp:attachment":[{"href":"https:\/\/een.is\/en\/wp-json\/wp\/v2\/media?parent=1331"}],"curies":[{"name":"wp","href":"https:\/\/api.w.org\/{rel}","templated":true}]}}