{"id":1311,"date":"2024-04-30T16:09:06","date_gmt":"2024-04-30T16:09:06","guid":{"rendered":"https:\/\/een.is\/?page_id=1311"},"modified":"2025-09-23T13:42:47","modified_gmt":"2025-09-23T13:42:47","slug":"fjarmognun-og-styrkir","status":"publish","type":"page","link":"https:\/\/een.is\/en\/thjonusta\/fjarmognun-og-styrkir\/","title":{"rendered":"Fj\u00e1rm\u00f6gnun &amp; styrkir"},"content":{"rendered":"<div data-elementor-type=\"wp-page\" data-elementor-id=\"1311\" class=\"elementor elementor-1311\" data-elementor-post-type=\"page\">\n\t\t\t\t<div class=\"elementor-element elementor-element-2e80b639 e-flex e-con-boxed e-con e-parent\" data-id=\"2e80b639\" data-element_type=\"container\" data-e-type=\"container\" data-settings=\"{&quot;background_background&quot;:&quot;classic&quot;}\">\n\t\t\t\t\t<div class=\"e-con-inner\">\n\t\t<div class=\"elementor-element elementor-element-265e6140 e-flex e-con-boxed e-con e-child\" data-id=\"265e6140\" data-element_type=\"container\" data-e-type=\"container\">\n\t\t\t\t\t<div class=\"e-con-inner\">\n\t\t\t\t<div class=\"elementor-element elementor-element-8ce3dda elementor-widget elementor-widget-heading\" data-id=\"8ce3dda\" data-element_type=\"widget\" data-e-type=\"widget\" data-widget_type=\"heading.default\">\n\t\t\t\t<div class=\"elementor-widget-container\">\n\t\t\t\t\t<h1 class=\"elementor-heading-title elementor-size-default\">Fj\u00e1rm\u00f6gnun &amp; styrkir<\/h1>\t\t\t\t<\/div>\n\t\t\t\t<\/div>\n\t\t\t\t<div class=\"elementor-element elementor-element-137f5c6d elementor-widget elementor-widget-text-editor\" data-id=\"137f5c6d\" data-element_type=\"widget\" data-e-type=\"widget\" data-widget_type=\"text-editor.default\">\n\t\t\t\t<div class=\"elementor-widget-container\">\n\t\t\t\t\t\t\t\t\t<p>Vi\u00f0 a\u00f0sto\u00f0um l\u00edtil og me\u00f0alst\u00f3r fyrirt\u00e6ki gegnum st\u00e6rsta vi\u00f0skiptatengslanet heims<\/p>\t\t\t\t\t\t\t\t<\/div>\n\t\t\t\t<\/div>\n\t\t\t\t\t<\/div>\n\t\t\t\t<\/div>\n\t\t\t\t\t<\/div>\n\t\t\t\t<\/div>\n\t\t<div class=\"elementor-element elementor-element-d63ccf2 e-flex e-con-boxed e-con e-parent\" data-id=\"d63ccf2\" data-element_type=\"container\" data-e-type=\"container\">\n\t\t\t\t\t<div class=\"e-con-inner\">\n\t\t\t\t<div class=\"elementor-element elementor-element-22cba290 elementor-widget elementor-widget-text-editor\" data-id=\"22cba290\" data-element_type=\"widget\" data-e-type=\"widget\" data-widget_type=\"text-editor.default\">\n\t\t\t\t<div class=\"elementor-widget-container\">\n\t\t\t\t\t\t\t\t\t<p><strong data-start=\"520\" data-end=\"555\">Enterprise Europe Network (EEN)<\/strong> veitir s\u00e9rsni\u00f0na r\u00e1\u00f0gj\u00f6f sem sty\u00f0ur vi\u00f0 fyrirt\u00e6ki sem vilja hasla s\u00e9r v\u00f6ll \u00e1 n\u00fdjum m\u00f6rku\u00f0um og\/e\u00f0a taka \u00fe\u00e1tt \u00ed al\u00fej\u00f3\u00f0legu samstarfi.<\/p><p data-start=\"686\" data-end=\"761\">Hver sem atvinnugreinin er, \u00fe\u00e1 veita s\u00e9rfr\u00e6\u00f0ingar EEN markvissa r\u00e1\u00f0gj\u00f6f um:<\/p><ul><li data-start=\"764\" data-end=\"783\">Marka\u00f0st\u00e6kif\u00e6ri<\/li><li data-start=\"786\" data-end=\"806\">Styrkjam\u00f6guleika<\/li><li data-start=\"809\" data-end=\"823\">Fj\u00e1rm\u00f6gnun<\/li><li data-start=\"826\" data-end=\"874\">Fj\u00f6lbreytta a\u00f0ra \u00fej\u00f3nustu tengda al\u00fej\u00f3\u00f0as\u00f3kn<\/li><\/ul><p>\u00a0<\/p><p>Vi\u00f0 a\u00f0sto\u00f0um fyrirt\u00e6ki \u00e1 \u00f6llum stigum ferlisins, allt fr\u00e1 fyrstu hugmynd a\u00f0 \u00fatr\u00e1s, til kynningar fyrir fj\u00e1rfesta.<\/p><p data-start=\"987\" data-end=\"1034\"><strong data-start=\"991\" data-end=\"1034\">Vi\u00f0fangsefni sem vi\u00f0 veitum r\u00e1\u00f0gj\u00f6f um:<\/strong><\/p><ul><li data-start=\"1037\" data-end=\"1084\">Evr\u00f3pska styrktarsj\u00f3\u00f0i og fj\u00e1rm\u00f6gnunarm\u00f6guleika<\/li><li data-start=\"1087\" data-end=\"1121\">Evr\u00f3pskar regluger\u00f0ir og lagaramma<\/li><li data-start=\"1124\" data-end=\"1153\">CE-merkingar og \u00f6ryggiskr\u00f6fur<\/li><li data-start=\"1156\" data-end=\"1193\">Tollam\u00e1l og vir\u00f0isaukaskatt innan EES<\/li><li data-start=\"1196\" data-end=\"1244\">Almenna a\u00f0sto\u00f0 vi\u00f0 \u00fe\u00e1ttt\u00f6ku \u00e1 evr\u00f3pskum m\u00f6rku\u00f0um<\/li><\/ul><p>\u00a0<\/p><p>Vi\u00f0 leggjum \u00e1herslu \u00e1 hagn\u00fdta r\u00e1\u00f0gj\u00f6f sem tekur mi\u00f0 af \u00fe\u00f6rfum hvers og eins fyrirt\u00e6kis.<\/p><p><strong>Hagn\u00fdtir hlekkir \u00e1 uppl\u00fdsingars\u00ed\u00f0ur:<\/strong><\/p><ul style=\"font-size: 16px; background-color: #ffffff;\"><li style=\"font-size: 16px;\"><a href=\"https:\/\/commission.europa.eu\/research-and-innovation_en\" target=\"_blank\" rel=\"noopener\">Yfirlit evr\u00f3pskra styrkjam\u00f6guleika<\/a><\/li><li style=\"font-size: 16px;\"><a href=\"https:\/\/intellectual-property-helpdesk.ec.europa.eu\/regional-helpdesks\/european-ip-helpdesk_en\" target=\"_blank\" rel=\"noopener\">Hugverkavernd<\/a><\/li><li style=\"font-size: 16px;\"><a href=\"https:\/\/europa.eu\/youreurope\/business\/index_en.htm\" target=\"_blank\" rel=\"noopener\">Hagn\u00fdtar uppl\u00fdsingar til a\u00f0 stunda vi\u00f0skipti \u00ed Evr\u00f3pu<\/a><\/li><li style=\"font-size: 16px;\"><a href=\"https:\/\/trade.ec.europa.eu\/access-to-markets\/en\/home\" target=\"_blank\" rel=\"noopener\">Inn- og \u00fatfluttning \u00ed Evr\u00f3pu. \u00dea\u00f0 sem \u00fe\u00fa \u00fearft a\u00f0 vita.<\/a><\/li><\/ul>\t\t\t\t\t\t\t\t<\/div>\n\t\t\t\t<\/div>\n\t\t\t\t<div class=\"elementor-element elementor-element-e99f2cc elementor-widget elementor-widget-button\" data-id=\"e99f2cc\" data-element_type=\"widget\" data-e-type=\"widget\" data-widget_type=\"button.default\">\n\t\t\t\t<div class=\"elementor-widget-container\">\n\t\t\t\t\t\t\t\t\t<div class=\"elementor-button-wrapper\">\n\t\t\t\t\t<a class=\"elementor-button elementor-button-link elementor-size-sm\" href=\"\/en\/hafa-samband\/\">\n\t\t\t\t\t\t<span class=\"elementor-button-content-wrapper\">\n\t\t\t\t\t\t\t\t\t<span class=\"elementor-button-text\">Hafa samband<\/span>\n\t\t\t\t\t<\/span>\n\t\t\t\t\t<\/a>\n\t\t\t\t<\/div>\n\t\t\t\t\t\t\t\t<\/div>\n\t\t\t\t<\/div>\n\t\t\t\t\t<\/div>\n\t\t\t\t<\/div>\n\t\t<div class=\"elementor-element elementor-element-740ba116 e-flex e-con-boxed e-con e-parent\" data-id=\"740ba116\" data-element_type=\"container\" data-e-type=\"container\">\n\t\t\t\t\t<div class=\"e-con-inner\">\n\t\t\t\t<div class=\"elementor-element elementor-element-2357b21d elementor-arrows-position-outside elementor-pagination-position-outside elementor-widget elementor-widget-image-carousel\" data-id=\"2357b21d\" data-element_type=\"widget\" data-e-type=\"widget\" data-settings=\"{&quot;slides_to_show&quot;:&quot;5&quot;,&quot;image_spacing_custom&quot;:{&quot;unit&quot;:&quot;px&quot;,&quot;size&quot;:24,&quot;sizes&quot;:[]},&quot;navigation&quot;:&quot;both&quot;,&quot;autoplay&quot;:&quot;yes&quot;,&quot;pause_on_hover&quot;:&quot;yes&quot;,&quot;pause_on_interaction&quot;:&quot;yes&quot;,&quot;autoplay_speed&quot;:5000,&quot;infinite&quot;:&quot;yes&quot;,&quot;speed&quot;:500,&quot;image_spacing_custom_laptop&quot;:{&quot;unit&quot;:&quot;px&quot;,&quot;size&quot;:&quot;&quot;,&quot;sizes&quot;:[]},&quot;image_spacing_custom_tablet&quot;:{&quot;unit&quot;:&quot;px&quot;,&quot;size&quot;:&quot;&quot;,&quot;sizes&quot;:[]},&quot;image_spacing_custom_mobile&quot;:{&quot;unit&quot;:&quot;px&quot;,&quot;size&quot;:&quot;&quot;,&quot;sizes&quot;:[]}}\" data-widget_type=\"image-carousel.default\">\n\t\t\t\t<div class=\"elementor-widget-container\">\n\t\t\t\t\t\t\t<div class=\"elementor-image-carousel-wrapper swiper\" role=\"region\" aria-roledescription=\"carousel\" aria-label=\"Image Carousel\" dir=\"ltr\">\n\t\t\t<div class=\"elementor-image-carousel swiper-wrapper\" aria-live=\"off\">\n\t\t\t\t\t\t\t\t<div class=\"swiper-slide\" role=\"group\" aria-roledescription=\"slide\" aria-label=\"1 of 6\"><figure class=\"swiper-slide-inner\"><img decoding=\"async\" class=\"swiper-slide-image\" src=\"https:\/\/een.is\/wp-content\/uploads\/2023\/10\/international-IP-Helpdesk--300x300.png\" alt=\"international IP Helpdesk\" \/><\/figure><\/div><div class=\"swiper-slide\" role=\"group\" aria-roledescription=\"slide\" aria-label=\"2 of 6\"><figure class=\"swiper-slide-inner\"><img decoding=\"async\" class=\"swiper-slide-image\" src=\"https:\/\/een.is\/wp-content\/uploads\/2023\/10\/NazovniLogo-300x300.png\" alt=\"NazovniLogo\" \/><\/figure><\/div><div class=\"swiper-slide\" role=\"group\" aria-roledescription=\"slide\" aria-label=\"3 of 6\"><figure class=\"swiper-slide-inner\"><img decoding=\"async\" class=\"swiper-slide-image\" src=\"https:\/\/een.is\/wp-content\/uploads\/2023\/10\/WegateLogo-300x300.png\" alt=\"WegateLogo\" \/><\/figure><\/div><div class=\"swiper-slide\" role=\"group\" aria-roledescription=\"slide\" aria-label=\"4 of 6\"><figure class=\"swiper-slide-inner\"><img decoding=\"async\" class=\"swiper-slide-image\" src=\"https:\/\/een.is\/wp-content\/uploads\/2023\/10\/EYE_0-300x300.jpg\" alt=\"EYE_0\" \/><\/figure><\/div><div class=\"swiper-slide\" role=\"group\" aria-roledescription=\"slide\" aria-label=\"5 of 6\"><figure class=\"swiper-slide-inner\"><img decoding=\"async\" class=\"swiper-slide-image\" src=\"https:\/\/een.is\/wp-content\/uploads\/2023\/10\/EEN2EICLogo-300x300.png\" alt=\"EEN2EICLogo\" \/><\/figure><\/div><div class=\"swiper-slide\" role=\"group\" aria-roledescription=\"slide\" aria-label=\"6 of 6\"><figure class=\"swiper-slide-inner\"><img decoding=\"async\" class=\"swiper-slide-image\" src=\"https:\/\/een.is\/wp-content\/uploads\/2023\/10\/EUSolvit-300x300.png\" alt=\"EUSolvit\" \/><\/figure><\/div>\t\t\t<\/div>\n\t\t\t\t\t\t\t\t\t\t\t\t<div class=\"elementor-swiper-button elementor-swiper-button-prev\" role=\"button\" tabindex=\"0\">\n\t\t\t\t\t\t<span aria-hidden=\"true\" class=\"eicon-chevron-left\"><\/span>\t\t\t\t\t<\/div>\n\t\t\t\t\t<div class=\"elementor-swiper-button elementor-swiper-button-next\" role=\"button\" tabindex=\"0\">\n\t\t\t\t\t\t<span aria-hidden=\"true\" class=\"eicon-chevron-right\"><\/span>\t\t\t\t\t<\/div>\n\t\t\t\t\n\t\t\t\t\t\t\t\t\t<div class=\"swiper-pagination\"><\/div>\n\t\t\t\t\t\t\t\t\t<\/div>\n\t\t\t\t\t\t<\/div>\n\t\t\t\t<\/div>\n\t\t\t\t\t<\/div>\n\t\t\t\t<\/div>\n\t\t\t\t<\/div>","protected":false},"excerpt":{"rendered":"<p>Fj\u00e1rm\u00f6gnun &amp; styrkir Vi\u00f0 a\u00f0sto\u00f0um l\u00edtil og me\u00f0alst\u00f3r fyrirt\u00e6ki gegnum st\u00e6rsta vi\u00f0skiptatengslanet heims Enterprise Europe Network (EEN) veitir s\u00e9rsni\u00f0na r\u00e1\u00f0gj\u00f6f sem sty\u00f0ur vi\u00f0 fyrirt\u00e6ki sem vilja hasla s\u00e9r v\u00f6ll \u00e1 [&hellip;]<\/p>\n","protected":false},"author":4,"featured_media":155,"parent":463,"menu_order":0,"comment_status":"closed","ping_status":"closed","template":"","meta":{"_acf_changed":false,"footnotes":""},"class_list":["post-1311","page","type-page","status-publish","has-post-thumbnail","hentry"],"acf":[],"_links":{"self":[{"href":"https:\/\/een.is\/en\/wp-json\/wp\/v2\/pages\/1311","targetHints":{"allow":["GET"]}}],"collection":[{"href":"https:\/\/een.is\/en\/wp-json\/wp\/v2\/pages"}],"about":[{"href":"https:\/\/een.is\/en\/wp-json\/wp\/v2\/types\/page"}],"author":[{"embeddable":true,"href":"https:\/\/een.is\/en\/wp-json\/wp\/v2\/users\/4"}],"replies":[{"embeddable":true,"href":"https:\/\/een.is\/en\/wp-json\/wp\/v2\/comments?post=1311"}],"version-history":[{"count":7,"href":"https:\/\/een.is\/en\/wp-json\/wp\/v2\/pages\/1311\/revisions"}],"predecessor-version":[{"id":2487,"href":"https:\/\/een.is\/en\/wp-json\/wp\/v2\/pages\/1311\/revisions\/2487"}],"up":[{"embeddable":true,"href":"https:\/\/een.is\/en\/wp-json\/wp\/v2\/pages\/463"}],"wp:featuredmedia":[{"embeddable":true,"href":"https:\/\/een.is\/en\/wp-json\/wp\/v2\/media\/155"}],"wp:attachment":[{"href":"https:\/\/een.is\/en\/wp-json\/wp\/v2\/media?parent=1311"}],"curies":[{"name":"wp","href":"https:\/\/api.w.org\/{rel}","templated":true}]}}