{"id":1204,"date":"2024-04-30T13:35:11","date_gmt":"2024-04-30T13:35:11","guid":{"rendered":"https:\/\/een.is\/?page_id=1204"},"modified":"2024-05-06T12:50:31","modified_gmt":"2024-05-06T12:50:31","slug":"nyskopun","status":"publish","type":"page","link":"https:\/\/een.is\/en\/thjonusta\/nyskopun\/","title":{"rendered":"N\u00fdsk\u00f6pun"},"content":{"rendered":"<div data-elementor-type=\"wp-page\" data-elementor-id=\"1204\" class=\"elementor elementor-1204\" data-elementor-post-type=\"page\">\n\t\t\t\t<div class=\"elementor-element elementor-element-64abc3ed e-flex e-con-boxed e-con e-parent\" data-id=\"64abc3ed\" data-element_type=\"container\" data-e-type=\"container\" data-settings=\"{&quot;background_background&quot;:&quot;classic&quot;}\">\n\t\t\t\t\t<div class=\"e-con-inner\">\n\t\t<div class=\"elementor-element elementor-element-6d745850 e-flex e-con-boxed e-con e-child\" data-id=\"6d745850\" data-element_type=\"container\" data-e-type=\"container\">\n\t\t\t\t\t<div class=\"e-con-inner\">\n\t\t\t\t<div class=\"elementor-element elementor-element-30244f3a elementor-widget elementor-widget-heading\" data-id=\"30244f3a\" data-element_type=\"widget\" data-e-type=\"widget\" data-widget_type=\"heading.default\">\n\t\t\t\t<div class=\"elementor-widget-container\">\n\t\t\t\t\t<h1 class=\"elementor-heading-title elementor-size-default\">N\u00fdsk\u00f6pun<\/h1>\t\t\t\t<\/div>\n\t\t\t\t<\/div>\n\t\t\t\t<div class=\"elementor-element elementor-element-6ebdd989 elementor-widget elementor-widget-text-editor\" data-id=\"6ebdd989\" data-element_type=\"widget\" data-e-type=\"widget\" data-widget_type=\"text-editor.default\">\n\t\t\t\t<div class=\"elementor-widget-container\">\n\t\t\t\t\t\t\t\t\t<p>A\u00f0sto\u00f0um l\u00edtil og me\u00f0alst\u00f3r fyrirt\u00e6ki til n\u00fdsk\u00f6punar, vaxtar og a\u00f0 \u00fer\u00f3a n\u00fdjar v\u00f6rur, \u00fej\u00f3nustu og vi\u00f0skiptam\u00f3del<\/p>\t\t\t\t\t\t\t\t<\/div>\n\t\t\t\t<\/div>\n\t\t\t\t\t<\/div>\n\t\t\t\t<\/div>\n\t\t\t\t\t<\/div>\n\t\t\t\t<\/div>\n\t\t<div class=\"elementor-element elementor-element-268131c4 e-flex e-con-boxed e-con e-parent\" data-id=\"268131c4\" data-element_type=\"container\" data-e-type=\"container\">\n\t\t\t\t\t<div class=\"e-con-inner\">\n\t\t\t\t<div class=\"elementor-element elementor-element-3922dcc elementor-widget elementor-widget-text-editor\" data-id=\"3922dcc\" data-element_type=\"widget\" data-e-type=\"widget\" data-widget_type=\"text-editor.default\">\n\t\t\t\t<div class=\"elementor-widget-container\">\n\t\t\t\t\t\t\t\t\t<p>S\u00e9rfr\u00e6\u00f0ingar okkar hafa \u00feekkingu og reynslu til a\u00f0 veita fyrirt\u00e6kjum s\u00e9rsni\u00f0na a\u00f0sto\u00f0 vi\u00f0 n\u00fdsk\u00f6pun og til vaxtar.<\/p><p>Vi\u00f0 sty\u00f0jum fyrirt\u00e6ki a\u00f0 m\u00f3ta n\u00fdsk\u00f6punarferla og koma n\u00fdsk\u00f6pun sinni hra\u00f0ar \u00e1 marka\u00f0. Vi\u00f0 a\u00f0sto\u00f0um vi\u00f0 a\u00f0 greina ar\u00f0b\u00e6r vi\u00f0skiptat\u00e6kif\u00e6ri og me\u00f0 s\u00e9rfr\u00e6\u00f0ir\u00e1\u00f0gj\u00f6f okkar geta fyrirt\u00e6ki auki\u00f0 al\u00fej\u00f3\u00f0as\u00f3kn s\u00edna \u00e1 \u00f6ruggan h\u00e1tt.<\/p><p>N\u00fdsk\u00f6punar\u00fej\u00f3nusta Enterprise Europe Network er \u00f3keypis fyrir l\u00edtil og me\u00f0alst\u00f3r fyrirt\u00e6ki svo \u00feau geti styrkt n\u00fdsk\u00f6punargetu s\u00edna. N\u00fdsk\u00f6punar\u00fej\u00f3nustan hj\u00e1lpar fyrirt\u00e6kjum a\u00f0 greina n\u00faverandi \u00e1stand og finna \u00fat \u00e1 hva\u00f0a svi\u00f0um fyrirt\u00e6ki\u00f0 vill styrkja sig. \u00cd bo\u00f0i eru \u00ferj\u00e1r mismunandi greiningar, me\u00f0 f\u00f3kus \u00e1 stj\u00f3rnun n\u00fdsk\u00f6punar, stafr\u00e6na n\u00fdsk\u00f6pun og sj\u00e1lfb\u00e6rni.<\/p><p>Vi\u00f0 greiningarnar n\u00fdtum vi\u00f0 greiningart\u00f3li\u00f0 <a href=\"https:\/\/www.leanbusinessireland.ie\/funding-supports-overview\/are-you-an-enterprise-ireland-client\/innovation-health-check\/\" target=\"_blank\" rel=\"noopener\">Innovation Health Check.<\/a><\/p>\t\t\t\t\t\t\t\t<\/div>\n\t\t\t\t<\/div>\n\t\t\t\t<div class=\"elementor-element elementor-element-88de5a7 elementor-widget elementor-widget-button\" data-id=\"88de5a7\" data-element_type=\"widget\" data-e-type=\"widget\" data-widget_type=\"button.default\">\n\t\t\t\t<div class=\"elementor-widget-container\">\n\t\t\t\t\t\t\t\t\t<div class=\"elementor-button-wrapper\">\n\t\t\t\t\t<a class=\"elementor-button elementor-button-link elementor-size-sm\" href=\"\/en\/hafa-samband\/\">\n\t\t\t\t\t\t<span class=\"elementor-button-content-wrapper\">\n\t\t\t\t\t\t\t\t\t<span class=\"elementor-button-text\">Hafa samband<\/span>\n\t\t\t\t\t<\/span>\n\t\t\t\t\t<\/a>\n\t\t\t\t<\/div>\n\t\t\t\t\t\t\t\t<\/div>\n\t\t\t\t<\/div>\n\t\t\t\t\t<\/div>\n\t\t\t\t<\/div>\n\t\t<div class=\"elementor-element elementor-element-559bc133 e-flex e-con-boxed e-con e-parent\" data-id=\"559bc133\" data-element_type=\"container\" data-e-type=\"container\">\n\t\t\t\t\t<div class=\"e-con-inner\">\n\t\t\t\t<div class=\"elementor-element elementor-element-3bb40a70 elementor-arrows-position-outside elementor-pagination-position-outside elementor-widget elementor-widget-image-carousel\" data-id=\"3bb40a70\" data-element_type=\"widget\" data-e-type=\"widget\" data-settings=\"{&quot;slides_to_show&quot;:&quot;5&quot;,&quot;image_spacing_custom&quot;:{&quot;unit&quot;:&quot;px&quot;,&quot;size&quot;:24,&quot;sizes&quot;:[]},&quot;navigation&quot;:&quot;both&quot;,&quot;autoplay&quot;:&quot;yes&quot;,&quot;pause_on_hover&quot;:&quot;yes&quot;,&quot;pause_on_interaction&quot;:&quot;yes&quot;,&quot;autoplay_speed&quot;:5000,&quot;infinite&quot;:&quot;yes&quot;,&quot;speed&quot;:500,&quot;image_spacing_custom_laptop&quot;:{&quot;unit&quot;:&quot;px&quot;,&quot;size&quot;:&quot;&quot;,&quot;sizes&quot;:[]},&quot;image_spacing_custom_tablet&quot;:{&quot;unit&quot;:&quot;px&quot;,&quot;size&quot;:&quot;&quot;,&quot;sizes&quot;:[]},&quot;image_spacing_custom_mobile&quot;:{&quot;unit&quot;:&quot;px&quot;,&quot;size&quot;:&quot;&quot;,&quot;sizes&quot;:[]}}\" data-widget_type=\"image-carousel.default\">\n\t\t\t\t<div class=\"elementor-widget-container\">\n\t\t\t\t\t\t\t<div class=\"elementor-image-carousel-wrapper swiper\" role=\"region\" aria-roledescription=\"carousel\" aria-label=\"Image Carousel\" dir=\"ltr\">\n\t\t\t<div class=\"elementor-image-carousel swiper-wrapper\" aria-live=\"off\">\n\t\t\t\t\t\t\t\t<div class=\"swiper-slide\" role=\"group\" aria-roledescription=\"slide\" aria-label=\"1 of 6\"><figure class=\"swiper-slide-inner\"><img decoding=\"async\" class=\"swiper-slide-image\" src=\"https:\/\/een.is\/wp-content\/uploads\/2023\/10\/international-IP-Helpdesk--300x300.png\" alt=\"international IP Helpdesk\" \/><\/figure><\/div><div class=\"swiper-slide\" role=\"group\" aria-roledescription=\"slide\" aria-label=\"2 of 6\"><figure class=\"swiper-slide-inner\"><img decoding=\"async\" class=\"swiper-slide-image\" src=\"https:\/\/een.is\/wp-content\/uploads\/2023\/10\/NazovniLogo-300x300.png\" alt=\"NazovniLogo\" \/><\/figure><\/div><div class=\"swiper-slide\" role=\"group\" aria-roledescription=\"slide\" aria-label=\"3 of 6\"><figure class=\"swiper-slide-inner\"><img decoding=\"async\" class=\"swiper-slide-image\" src=\"https:\/\/een.is\/wp-content\/uploads\/2023\/10\/WegateLogo-300x300.png\" alt=\"WegateLogo\" \/><\/figure><\/div><div class=\"swiper-slide\" role=\"group\" aria-roledescription=\"slide\" aria-label=\"4 of 6\"><figure class=\"swiper-slide-inner\"><img decoding=\"async\" class=\"swiper-slide-image\" src=\"https:\/\/een.is\/wp-content\/uploads\/2023\/10\/EYE_0-300x300.jpg\" alt=\"EYE_0\" \/><\/figure><\/div><div class=\"swiper-slide\" role=\"group\" aria-roledescription=\"slide\" aria-label=\"5 of 6\"><figure class=\"swiper-slide-inner\"><img decoding=\"async\" class=\"swiper-slide-image\" src=\"https:\/\/een.is\/wp-content\/uploads\/2023\/10\/EEN2EICLogo-300x300.png\" alt=\"EEN2EICLogo\" \/><\/figure><\/div><div class=\"swiper-slide\" role=\"group\" aria-roledescription=\"slide\" aria-label=\"6 of 6\"><figure class=\"swiper-slide-inner\"><img decoding=\"async\" class=\"swiper-slide-image\" src=\"https:\/\/een.is\/wp-content\/uploads\/2023\/10\/EUSolvit-300x300.png\" alt=\"EUSolvit\" \/><\/figure><\/div>\t\t\t<\/div>\n\t\t\t\t\t\t\t\t\t\t\t\t<div class=\"elementor-swiper-button elementor-swiper-button-prev\" role=\"button\" tabindex=\"0\">\n\t\t\t\t\t\t<span aria-hidden=\"true\" class=\"eicon-chevron-left\"><\/span>\t\t\t\t\t<\/div>\n\t\t\t\t\t<div class=\"elementor-swiper-button elementor-swiper-button-next\" role=\"button\" tabindex=\"0\">\n\t\t\t\t\t\t<span aria-hidden=\"true\" class=\"eicon-chevron-right\"><\/span>\t\t\t\t\t<\/div>\n\t\t\t\t\n\t\t\t\t\t\t\t\t\t<div class=\"swiper-pagination\"><\/div>\n\t\t\t\t\t\t\t\t\t<\/div>\n\t\t\t\t\t\t<\/div>\n\t\t\t\t<\/div>\n\t\t\t\t\t<\/div>\n\t\t\t\t<\/div>\n\t\t\t\t<\/div>","protected":false},"excerpt":{"rendered":"<p>N\u00fdsk\u00f6pun A\u00f0sto\u00f0um l\u00edtil og me\u00f0alst\u00f3r fyrirt\u00e6ki til n\u00fdsk\u00f6punar, vaxtar og a\u00f0 \u00fer\u00f3a n\u00fdjar v\u00f6rur, \u00fej\u00f3nustu og vi\u00f0skiptam\u00f3del S\u00e9rfr\u00e6\u00f0ingar okkar hafa \u00feekkingu og reynslu til a\u00f0 veita fyrirt\u00e6kjum s\u00e9rsni\u00f0na a\u00f0sto\u00f0 vi\u00f0 [&hellip;]<\/p>\n","protected":false},"author":4,"featured_media":155,"parent":463,"menu_order":0,"comment_status":"closed","ping_status":"closed","template":"","meta":{"_acf_changed":false,"footnotes":""},"class_list":["post-1204","page","type-page","status-publish","has-post-thumbnail","hentry"],"acf":[],"_links":{"self":[{"href":"https:\/\/een.is\/en\/wp-json\/wp\/v2\/pages\/1204","targetHints":{"allow":["GET"]}}],"collection":[{"href":"https:\/\/een.is\/en\/wp-json\/wp\/v2\/pages"}],"about":[{"href":"https:\/\/een.is\/en\/wp-json\/wp\/v2\/types\/page"}],"author":[{"embeddable":true,"href":"https:\/\/een.is\/en\/wp-json\/wp\/v2\/users\/4"}],"replies":[{"embeddable":true,"href":"https:\/\/een.is\/en\/wp-json\/wp\/v2\/comments?post=1204"}],"version-history":[{"count":3,"href":"https:\/\/een.is\/en\/wp-json\/wp\/v2\/pages\/1204\/revisions"}],"predecessor-version":[{"id":1673,"href":"https:\/\/een.is\/en\/wp-json\/wp\/v2\/pages\/1204\/revisions\/1673"}],"up":[{"embeddable":true,"href":"https:\/\/een.is\/en\/wp-json\/wp\/v2\/pages\/463"}],"wp:featuredmedia":[{"embeddable":true,"href":"https:\/\/een.is\/en\/wp-json\/wp\/v2\/media\/155"}],"wp:attachment":[{"href":"https:\/\/een.is\/en\/wp-json\/wp\/v2\/media?parent=1204"}],"curies":[{"name":"wp","href":"https:\/\/api.w.org\/{rel}","templated":true}]}}